{"id":5722,"date":"2025-01-14T17:02:04","date_gmt":"2025-01-14T23:02:04","guid":{"rendered":"https:\/\/tapmagic.com\/product\/tap-magic-xtra-thick-xtra-foamy\/"},"modified":"2025-04-03T16:04:50","modified_gmt":"2025-04-03T21:04:50","slug":"tap-magic-xtra-thick-xtra-foamy","status":"publish","type":"product","link":"https:\/\/tapmagic.com\/fr\/product-old\/tap-magic-xtra-thick-xtra-foamy\/","title":{"rendered":"Tap Magic Xtra-Thick &amp; Xtra-Foamy (extra \u00e9pais et extra mosseuse)"},"content":{"rendered":"<p>Le champion des performances extr\u00eames pour les m\u00e9taux durs &#8211; inconel, titane, acier inoxydable&#8230; tout m\u00e9tal jusqu&#8217;\u00e0 une duret\u00e9 de 45 Rockwell ! Elimine pratiquement l&#8217;\u00e9crouissage. L&#8217;action d&#8217;accrochage signifie qu&#8217;il reste avec l&#8217;outil pour les coupes profondes sur les mat\u00e9riaux de gros calibre et pour le travail au tour et \u00e0 la fraise parce qu&#8217;il n&#8217;a pas tendance \u00e0 se d\u00e9tacher. \u00c9galement disponible en a\u00e9rosol de 12 oz : Xtra-Foamy !   <\/p>\n<p><strong>D\u00e9tails Xtra-Foamy (extra mosseuse)<\/strong><\/p>\n<p>Un fluide de coupe moussant \u00e0 haute visibilit\u00e9 avec l&#8217;additif exclusif <sup>EP-X3\u00ae<\/sup>pour des performances extr\u00eames sur les m\u00e9taux les plus durs &#8211; m\u00eame ceux jusqu&#8217;\u00e0 45 RC. La mousse haute visibilit\u00e9 vous permet d&#8217;\u00e9valuer facilement le taux d&#8217;application et la pr\u00e9sence du fluide. L&#8217;action d&#8217;accrochage reste plus longtemps avec l&#8217;outil. \u00c9limine l&#8217;\u00e9crouissage.   <\/p>\n<p>Avec la puissance suppl\u00e9mentaire de l&#8217;<sup>EP-X3<\/sup>, notre liquide de coupe extra mousseux vous donne une grande visibilit\u00e9 sur les m\u00e9taux et les applications les plus difficiles. M\u00eame si vous coupez dans de l&#8217;acier inoxydable, du titane, de l&#8217;inconel ou d&#8217;autres m\u00e9taux extr\u00eamement difficiles, vous b\u00e9n\u00e9ficierez toujours de la pr\u00e9cision de coupe offerte par Tap Magic. <\/p>\n<p>&nbsp;<\/p>\n","protected":false},"featured_media":5135,"template":"","meta":{"_links_to":"","_links_to_target":""},"product-category":[66,59],"class_list":["post-5722","product","type-product","status-publish","has-post-thumbnail","hentry","product-category-metaux-durs","product-category-tous"],"yoast_head":"<!-- This site is optimized with the Yoast SEO plugin v27.3 - https:\/\/yoast.com\/product\/yoast-seo-wordpress\/ -->\n<title>Tap Magic Xtra-Thick &amp; Xtra-Foamy (extra \u00e9pais et extra mosseuse) - Tap Magic<\/title>\n<meta name=\"robots\" content=\"index, follow, max-snippet:-1, max-image-preview:large, max-video-preview:-1\" \/>\n<link rel=\"canonical\" href=\"https:\/\/tapmagic.com\/fr\/product-old\/tap-magic-xtra-thick-xtra-foamy\/\" \/>\n<meta property=\"og:locale\" content=\"fr_FR\" \/>\n<meta property=\"og:type\" content=\"article\" \/>\n<meta property=\"og:title\" content=\"Tap Magic Xtra-Thick &amp; Xtra-Foamy (extra \u00e9pais et extra mosseuse) - Tap Magic\" \/>\n<meta property=\"og:description\" content=\"Le champion des performances extr\u00eames pour les m\u00e9taux durs &#8211; inconel, titane, acier inoxydable&#8230; tout m\u00e9tal jusqu&#8217;\u00e0 une duret\u00e9 de 45 Rockwell ! Elimine pratiquement l&#8217;\u00e9crouissage. L&#8217;action d&#8217;accrochage signifie qu&#8217;il reste avec l&#8217;outil pour les coupes profondes sur les mat\u00e9riaux de gros calibre et pour le travail au tour et \u00e0 la fraise parce qu&#8217;il [&hellip;]\" \/>\n<meta property=\"og:url\" content=\"https:\/\/tapmagic.com\/fr\/product-old\/tap-magic-xtra-thick-xtra-foamy\/\" \/>\n<meta property=\"og:site_name\" content=\"Tap Magic\" \/>\n<meta property=\"article:modified_time\" content=\"2025-04-03T21:04:50+00:00\" \/>\n<meta property=\"og:image\" content=\"https:\/\/tapmagic.com\/wp-content\/uploads\/2025\/01\/20160226182505-img-1720jpg.jpg\" \/>\n\t<meta property=\"og:image:width\" content=\"800\" \/>\n\t<meta property=\"og:image:height\" content=\"650\" \/>\n\t<meta property=\"og:image:type\" content=\"image\/jpeg\" \/>\n<meta name=\"twitter:card\" content=\"summary_large_image\" \/>\n<meta name=\"twitter:label1\" content=\"Dur\u00e9e de lecture estim\u00e9e\" \/>\n\t<meta name=\"twitter:data1\" content=\"1 minute\" \/>\n<script type=\"application\/ld+json\" class=\"yoast-schema-graph\">{\"@context\":\"https:\\\/\\\/schema.org\",\"@graph\":[{\"@type\":\"WebPage\",\"@id\":\"https:\\\/\\\/tapmagic.com\\\/fr\\\/product-old\\\/tap-magic-xtra-thick-xtra-foamy\\\/\",\"url\":\"https:\\\/\\\/tapmagic.com\\\/fr\\\/product-old\\\/tap-magic-xtra-thick-xtra-foamy\\\/\",\"name\":\"Tap Magic Xtra-Thick &amp; Xtra-Foamy (extra \u00e9pais et extra mosseuse) - Tap Magic\",\"isPartOf\":{\"@id\":\"https:\\\/\\\/tapmagic.com\\\/fr\\\/#website\"},\"primaryImageOfPage\":{\"@id\":\"https:\\\/\\\/tapmagic.com\\\/fr\\\/product-old\\\/tap-magic-xtra-thick-xtra-foamy\\\/#primaryimage\"},\"image\":{\"@id\":\"https:\\\/\\\/tapmagic.com\\\/fr\\\/product-old\\\/tap-magic-xtra-thick-xtra-foamy\\\/#primaryimage\"},\"thumbnailUrl\":\"https:\\\/\\\/tapmagic.com\\\/wp-content\\\/uploads\\\/2025\\\/01\\\/20160226182505-img-1720jpg.jpg\",\"datePublished\":\"2025-01-14T23:02:04+00:00\",\"dateModified\":\"2025-04-03T21:04:50+00:00\",\"breadcrumb\":{\"@id\":\"https:\\\/\\\/tapmagic.com\\\/fr\\\/product-old\\\/tap-magic-xtra-thick-xtra-foamy\\\/#breadcrumb\"},\"inLanguage\":\"fr-FR\",\"potentialAction\":[{\"@type\":\"ReadAction\",\"target\":[\"https:\\\/\\\/tapmagic.com\\\/fr\\\/product-old\\\/tap-magic-xtra-thick-xtra-foamy\\\/\"]}]},{\"@type\":\"ImageObject\",\"inLanguage\":\"fr-FR\",\"@id\":\"https:\\\/\\\/tapmagic.com\\\/fr\\\/product-old\\\/tap-magic-xtra-thick-xtra-foamy\\\/#primaryimage\",\"url\":\"https:\\\/\\\/tapmagic.com\\\/wp-content\\\/uploads\\\/2025\\\/01\\\/20160226182505-img-1720jpg.jpg\",\"contentUrl\":\"https:\\\/\\\/tapmagic.com\\\/wp-content\\\/uploads\\\/2025\\\/01\\\/20160226182505-img-1720jpg.jpg\",\"width\":800,\"height\":650},{\"@type\":\"BreadcrumbList\",\"@id\":\"https:\\\/\\\/tapmagic.com\\\/fr\\\/product-old\\\/tap-magic-xtra-thick-xtra-foamy\\\/#breadcrumb\",\"itemListElement\":[{\"@type\":\"ListItem\",\"position\":1,\"name\":\"Home\",\"item\":\"https:\\\/\\\/tapmagic.com\\\/fr\\\/tapmagie\\\/\"},{\"@type\":\"ListItem\",\"position\":2,\"name\":\"Products Old\",\"item\":\"https:\\\/\\\/tapmagic.com\\\/fr\\\/product-old\\\/\"},{\"@type\":\"ListItem\",\"position\":3,\"name\":\"Tap Magic Xtra-Thick &amp; Xtra-Foamy (extra \u00e9pais et extra mosseuse)\"}]},{\"@type\":\"WebSite\",\"@id\":\"https:\\\/\\\/tapmagic.com\\\/fr\\\/#website\",\"url\":\"https:\\\/\\\/tapmagic.com\\\/fr\\\/\",\"name\":\"Tap Magic\",\"description\":\"A Division of the Steco Corporation\",\"potentialAction\":[{\"@type\":\"SearchAction\",\"target\":{\"@type\":\"EntryPoint\",\"urlTemplate\":\"https:\\\/\\\/tapmagic.com\\\/fr\\\/?s={search_term_string}\"},\"query-input\":{\"@type\":\"PropertyValueSpecification\",\"valueRequired\":true,\"valueName\":\"search_term_string\"}}],\"inLanguage\":\"fr-FR\"}]}<\/script>\n<!-- \/ Yoast SEO plugin. -->","yoast_head_json":{"title":"Tap Magic Xtra-Thick &amp; Xtra-Foamy (extra \u00e9pais et extra mosseuse) - Tap Magic","robots":{"index":"index","follow":"follow","max-snippet":"max-snippet:-1","max-image-preview":"max-image-preview:large","max-video-preview":"max-video-preview:-1"},"canonical":"https:\/\/tapmagic.com\/fr\/product-old\/tap-magic-xtra-thick-xtra-foamy\/","og_locale":"fr_FR","og_type":"article","og_title":"Tap Magic Xtra-Thick &amp; Xtra-Foamy (extra \u00e9pais et extra mosseuse) - Tap Magic","og_description":"Le champion des performances extr\u00eames pour les m\u00e9taux durs &#8211; inconel, titane, acier inoxydable&#8230; tout m\u00e9tal jusqu&#8217;\u00e0 une duret\u00e9 de 45 Rockwell ! Elimine pratiquement l&#8217;\u00e9crouissage. L&#8217;action d&#8217;accrochage signifie qu&#8217;il reste avec l&#8217;outil pour les coupes profondes sur les mat\u00e9riaux de gros calibre et pour le travail au tour et \u00e0 la fraise parce qu&#8217;il [&hellip;]","og_url":"https:\/\/tapmagic.com\/fr\/product-old\/tap-magic-xtra-thick-xtra-foamy\/","og_site_name":"Tap Magic","article_modified_time":"2025-04-03T21:04:50+00:00","og_image":[{"width":800,"height":650,"url":"https:\/\/tapmagic.com\/wp-content\/uploads\/2025\/01\/20160226182505-img-1720jpg.jpg","type":"image\/jpeg"}],"twitter_card":"summary_large_image","twitter_misc":{"Dur\u00e9e de lecture estim\u00e9e":"1 minute"},"schema":{"@context":"https:\/\/schema.org","@graph":[{"@type":"WebPage","@id":"https:\/\/tapmagic.com\/fr\/product-old\/tap-magic-xtra-thick-xtra-foamy\/","url":"https:\/\/tapmagic.com\/fr\/product-old\/tap-magic-xtra-thick-xtra-foamy\/","name":"Tap Magic Xtra-Thick &amp; Xtra-Foamy (extra \u00e9pais et extra mosseuse) - Tap Magic","isPartOf":{"@id":"https:\/\/tapmagic.com\/fr\/#website"},"primaryImageOfPage":{"@id":"https:\/\/tapmagic.com\/fr\/product-old\/tap-magic-xtra-thick-xtra-foamy\/#primaryimage"},"image":{"@id":"https:\/\/tapmagic.com\/fr\/product-old\/tap-magic-xtra-thick-xtra-foamy\/#primaryimage"},"thumbnailUrl":"https:\/\/tapmagic.com\/wp-content\/uploads\/2025\/01\/20160226182505-img-1720jpg.jpg","datePublished":"2025-01-14T23:02:04+00:00","dateModified":"2025-04-03T21:04:50+00:00","breadcrumb":{"@id":"https:\/\/tapmagic.com\/fr\/product-old\/tap-magic-xtra-thick-xtra-foamy\/#breadcrumb"},"inLanguage":"fr-FR","potentialAction":[{"@type":"ReadAction","target":["https:\/\/tapmagic.com\/fr\/product-old\/tap-magic-xtra-thick-xtra-foamy\/"]}]},{"@type":"ImageObject","inLanguage":"fr-FR","@id":"https:\/\/tapmagic.com\/fr\/product-old\/tap-magic-xtra-thick-xtra-foamy\/#primaryimage","url":"https:\/\/tapmagic.com\/wp-content\/uploads\/2025\/01\/20160226182505-img-1720jpg.jpg","contentUrl":"https:\/\/tapmagic.com\/wp-content\/uploads\/2025\/01\/20160226182505-img-1720jpg.jpg","width":800,"height":650},{"@type":"BreadcrumbList","@id":"https:\/\/tapmagic.com\/fr\/product-old\/tap-magic-xtra-thick-xtra-foamy\/#breadcrumb","itemListElement":[{"@type":"ListItem","position":1,"name":"Home","item":"https:\/\/tapmagic.com\/fr\/tapmagie\/"},{"@type":"ListItem","position":2,"name":"Products Old","item":"https:\/\/tapmagic.com\/fr\/product-old\/"},{"@type":"ListItem","position":3,"name":"Tap Magic Xtra-Thick &amp; Xtra-Foamy (extra \u00e9pais et extra mosseuse)"}]},{"@type":"WebSite","@id":"https:\/\/tapmagic.com\/fr\/#website","url":"https:\/\/tapmagic.com\/fr\/","name":"Tap Magic","description":"A Division of the Steco Corporation","potentialAction":[{"@type":"SearchAction","target":{"@type":"EntryPoint","urlTemplate":"https:\/\/tapmagic.com\/fr\/?s={search_term_string}"},"query-input":{"@type":"PropertyValueSpecification","valueRequired":true,"valueName":"search_term_string"}}],"inLanguage":"fr-FR"}]}},"_links":{"self":[{"href":"https:\/\/tapmagic.com\/fr\/wp-json\/wp\/v2\/product\/5722","targetHints":{"allow":["GET"]}}],"collection":[{"href":"https:\/\/tapmagic.com\/fr\/wp-json\/wp\/v2\/product"}],"about":[{"href":"https:\/\/tapmagic.com\/fr\/wp-json\/wp\/v2\/types\/product"}],"wp:featuredmedia":[{"embeddable":true,"href":"https:\/\/tapmagic.com\/fr\/wp-json\/wp\/v2\/media\/5135"}],"wp:attachment":[{"href":"https:\/\/tapmagic.com\/fr\/wp-json\/wp\/v2\/media?parent=5722"}],"wp:term":[{"taxonomy":"product-category","embeddable":true,"href":"https:\/\/tapmagic.com\/fr\/wp-json\/wp\/v2\/product-category?post=5722"}],"curies":[{"name":"wp","href":"https:\/\/api.w.org\/{rel}","templated":true}]}}