{"id":5716,"date":"2025-01-14T17:04:21","date_gmt":"2025-01-14T23:04:21","guid":{"rendered":"https:\/\/tapmagic.com\/product\/inhibiteur-de-corrosion-tap-magic\/"},"modified":"2025-04-03T16:05:07","modified_gmt":"2025-04-03T21:05:07","slug":"inhibiteur-de-corrosion-tap-magic","status":"publish","type":"product","link":"https:\/\/tapmagic.com\/fr\/product-old\/inhibiteur-de-corrosion-tap-magic\/","title":{"rendered":"Tap Magic Corrosion Inhibitor (Inhibiteur de corrosion)"},"content":{"rendered":"<p>Nous fabriquons les fluides de coupe Tap Magic depuis des d\u00e9cennies. N&#8217;est-il pas temps de terminer le travail ? Voici Tap Magic Corrosion Inhibitor (Inhibiteur de corrosion) ! Vous pouvez vous attendre \u00e0 la m\u00eame performance que nous avons toujours fournie pour prot\u00e9ger votre outillage, vos pi\u00e8ces \u00e0 usiner et votre \u00e9quipement. Apr\u00e8s avoir utilis\u00e9 le liquide de coupe et le nettoyant Tap Magic, c&#8217;est l&#8217;\u00e9tape 3 de toute op\u00e9ration d&#8217;usinage pour fournir \u00e0 vos clients des pi\u00e8ces de qualit\u00e9 sup\u00e9rieure.    <\/p>\n","protected":false},"featured_media":5333,"template":"","meta":{"_links_to":"","_links_to_target":""},"product-category":[60,59],"class_list":["post-5716","product","type-product","status-publish","has-post-thumbnail","hentry","product-category-antirouille","product-category-tous"],"yoast_head":"<!-- This site is optimized with the Yoast SEO plugin v27.4 - https:\/\/yoast.com\/product\/yoast-seo-wordpress\/ -->\n<title>Tap Magic Corrosion Inhibitor (Inhibiteur de corrosion) - Tap Magic<\/title>\n<meta name=\"robots\" content=\"index, follow, max-snippet:-1, max-image-preview:large, max-video-preview:-1\" \/>\n<link rel=\"canonical\" href=\"https:\/\/tapmagic.com\/fr\/product-old\/inhibiteur-de-corrosion-tap-magic\/\" \/>\n<meta property=\"og:locale\" content=\"fr_FR\" \/>\n<meta property=\"og:type\" content=\"article\" \/>\n<meta property=\"og:title\" content=\"Tap Magic Corrosion Inhibitor (Inhibiteur de corrosion) - Tap Magic\" \/>\n<meta property=\"og:description\" content=\"Nous fabriquons les fluides de coupe Tap Magic depuis des d\u00e9cennies. N&#8217;est-il pas temps de terminer le travail ? Voici Tap Magic Corrosion Inhibitor (Inhibiteur de corrosion) ! Vous pouvez vous attendre \u00e0 la m\u00eame performance que nous avons toujours fournie pour prot\u00e9ger votre outillage, vos pi\u00e8ces \u00e0 usiner et votre \u00e9quipement. Apr\u00e8s avoir utilis\u00e9 [&hellip;]\" \/>\n<meta property=\"og:url\" content=\"https:\/\/tapmagic.com\/fr\/product-old\/inhibiteur-de-corrosion-tap-magic\/\" \/>\n<meta property=\"og:site_name\" content=\"Tap Magic\" \/>\n<meta property=\"article:modified_time\" content=\"2025-04-03T21:05:07+00:00\" \/>\n<meta property=\"og:image\" content=\"https:\/\/tapmagic.com\/wp-content\/uploads\/2025\/01\/20170315193944-img-8924-smallerjpg.jpg\" \/>\n\t<meta property=\"og:image:width\" content=\"800\" \/>\n\t<meta property=\"og:image:height\" content=\"800\" \/>\n\t<meta property=\"og:image:type\" content=\"image\/jpeg\" \/>\n<meta name=\"twitter:card\" content=\"summary_large_image\" \/>\n<script type=\"application\/ld+json\" class=\"yoast-schema-graph\">{\"@context\":\"https:\\\/\\\/schema.org\",\"@graph\":[{\"@type\":\"WebPage\",\"@id\":\"https:\\\/\\\/tapmagic.com\\\/fr\\\/product-old\\\/inhibiteur-de-corrosion-tap-magic\\\/\",\"url\":\"https:\\\/\\\/tapmagic.com\\\/fr\\\/product-old\\\/inhibiteur-de-corrosion-tap-magic\\\/\",\"name\":\"Tap Magic Corrosion Inhibitor (Inhibiteur de corrosion) - Tap Magic\",\"isPartOf\":{\"@id\":\"https:\\\/\\\/tapmagic.com\\\/fr\\\/#website\"},\"primaryImageOfPage\":{\"@id\":\"https:\\\/\\\/tapmagic.com\\\/fr\\\/product-old\\\/inhibiteur-de-corrosion-tap-magic\\\/#primaryimage\"},\"image\":{\"@id\":\"https:\\\/\\\/tapmagic.com\\\/fr\\\/product-old\\\/inhibiteur-de-corrosion-tap-magic\\\/#primaryimage\"},\"thumbnailUrl\":\"https:\\\/\\\/tapmagic.com\\\/wp-content\\\/uploads\\\/2025\\\/01\\\/20170315193944-img-8924-smallerjpg.jpg\",\"datePublished\":\"2025-01-14T23:04:21+00:00\",\"dateModified\":\"2025-04-03T21:05:07+00:00\",\"breadcrumb\":{\"@id\":\"https:\\\/\\\/tapmagic.com\\\/fr\\\/product-old\\\/inhibiteur-de-corrosion-tap-magic\\\/#breadcrumb\"},\"inLanguage\":\"fr-FR\",\"potentialAction\":[{\"@type\":\"ReadAction\",\"target\":[\"https:\\\/\\\/tapmagic.com\\\/fr\\\/product-old\\\/inhibiteur-de-corrosion-tap-magic\\\/\"]}]},{\"@type\":\"ImageObject\",\"inLanguage\":\"fr-FR\",\"@id\":\"https:\\\/\\\/tapmagic.com\\\/fr\\\/product-old\\\/inhibiteur-de-corrosion-tap-magic\\\/#primaryimage\",\"url\":\"https:\\\/\\\/tapmagic.com\\\/wp-content\\\/uploads\\\/2025\\\/01\\\/20170315193944-img-8924-smallerjpg.jpg\",\"contentUrl\":\"https:\\\/\\\/tapmagic.com\\\/wp-content\\\/uploads\\\/2025\\\/01\\\/20170315193944-img-8924-smallerjpg.jpg\",\"width\":800,\"height\":800},{\"@type\":\"BreadcrumbList\",\"@id\":\"https:\\\/\\\/tapmagic.com\\\/fr\\\/product-old\\\/inhibiteur-de-corrosion-tap-magic\\\/#breadcrumb\",\"itemListElement\":[{\"@type\":\"ListItem\",\"position\":1,\"name\":\"Home\",\"item\":\"https:\\\/\\\/tapmagic.com\\\/fr\\\/tapmagie\\\/\"},{\"@type\":\"ListItem\",\"position\":2,\"name\":\"Products Old\",\"item\":\"https:\\\/\\\/tapmagic.com\\\/fr\\\/product-old\\\/\"},{\"@type\":\"ListItem\",\"position\":3,\"name\":\"Tap Magic Corrosion Inhibitor (Inhibiteur de corrosion)\"}]},{\"@type\":\"WebSite\",\"@id\":\"https:\\\/\\\/tapmagic.com\\\/fr\\\/#website\",\"url\":\"https:\\\/\\\/tapmagic.com\\\/fr\\\/\",\"name\":\"Tap Magic\",\"description\":\"A Division of the Steco Corporation\",\"potentialAction\":[{\"@type\":\"SearchAction\",\"target\":{\"@type\":\"EntryPoint\",\"urlTemplate\":\"https:\\\/\\\/tapmagic.com\\\/fr\\\/?s={search_term_string}\"},\"query-input\":{\"@type\":\"PropertyValueSpecification\",\"valueRequired\":true,\"valueName\":\"search_term_string\"}}],\"inLanguage\":\"fr-FR\"}]}<\/script>\n<!-- \/ Yoast SEO plugin. -->","yoast_head_json":{"title":"Tap Magic Corrosion Inhibitor (Inhibiteur de corrosion) - Tap Magic","robots":{"index":"index","follow":"follow","max-snippet":"max-snippet:-1","max-image-preview":"max-image-preview:large","max-video-preview":"max-video-preview:-1"},"canonical":"https:\/\/tapmagic.com\/fr\/product-old\/inhibiteur-de-corrosion-tap-magic\/","og_locale":"fr_FR","og_type":"article","og_title":"Tap Magic Corrosion Inhibitor (Inhibiteur de corrosion) - Tap Magic","og_description":"Nous fabriquons les fluides de coupe Tap Magic depuis des d\u00e9cennies. N&#8217;est-il pas temps de terminer le travail ? Voici Tap Magic Corrosion Inhibitor (Inhibiteur de corrosion) ! Vous pouvez vous attendre \u00e0 la m\u00eame performance que nous avons toujours fournie pour prot\u00e9ger votre outillage, vos pi\u00e8ces \u00e0 usiner et votre \u00e9quipement. Apr\u00e8s avoir utilis\u00e9 [&hellip;]","og_url":"https:\/\/tapmagic.com\/fr\/product-old\/inhibiteur-de-corrosion-tap-magic\/","og_site_name":"Tap Magic","article_modified_time":"2025-04-03T21:05:07+00:00","og_image":[{"width":800,"height":800,"url":"https:\/\/tapmagic.com\/wp-content\/uploads\/2025\/01\/20170315193944-img-8924-smallerjpg.jpg","type":"image\/jpeg"}],"twitter_card":"summary_large_image","schema":{"@context":"https:\/\/schema.org","@graph":[{"@type":"WebPage","@id":"https:\/\/tapmagic.com\/fr\/product-old\/inhibiteur-de-corrosion-tap-magic\/","url":"https:\/\/tapmagic.com\/fr\/product-old\/inhibiteur-de-corrosion-tap-magic\/","name":"Tap Magic Corrosion Inhibitor (Inhibiteur de corrosion) - Tap Magic","isPartOf":{"@id":"https:\/\/tapmagic.com\/fr\/#website"},"primaryImageOfPage":{"@id":"https:\/\/tapmagic.com\/fr\/product-old\/inhibiteur-de-corrosion-tap-magic\/#primaryimage"},"image":{"@id":"https:\/\/tapmagic.com\/fr\/product-old\/inhibiteur-de-corrosion-tap-magic\/#primaryimage"},"thumbnailUrl":"https:\/\/tapmagic.com\/wp-content\/uploads\/2025\/01\/20170315193944-img-8924-smallerjpg.jpg","datePublished":"2025-01-14T23:04:21+00:00","dateModified":"2025-04-03T21:05:07+00:00","breadcrumb":{"@id":"https:\/\/tapmagic.com\/fr\/product-old\/inhibiteur-de-corrosion-tap-magic\/#breadcrumb"},"inLanguage":"fr-FR","potentialAction":[{"@type":"ReadAction","target":["https:\/\/tapmagic.com\/fr\/product-old\/inhibiteur-de-corrosion-tap-magic\/"]}]},{"@type":"ImageObject","inLanguage":"fr-FR","@id":"https:\/\/tapmagic.com\/fr\/product-old\/inhibiteur-de-corrosion-tap-magic\/#primaryimage","url":"https:\/\/tapmagic.com\/wp-content\/uploads\/2025\/01\/20170315193944-img-8924-smallerjpg.jpg","contentUrl":"https:\/\/tapmagic.com\/wp-content\/uploads\/2025\/01\/20170315193944-img-8924-smallerjpg.jpg","width":800,"height":800},{"@type":"BreadcrumbList","@id":"https:\/\/tapmagic.com\/fr\/product-old\/inhibiteur-de-corrosion-tap-magic\/#breadcrumb","itemListElement":[{"@type":"ListItem","position":1,"name":"Home","item":"https:\/\/tapmagic.com\/fr\/tapmagie\/"},{"@type":"ListItem","position":2,"name":"Products Old","item":"https:\/\/tapmagic.com\/fr\/product-old\/"},{"@type":"ListItem","position":3,"name":"Tap Magic Corrosion Inhibitor (Inhibiteur de corrosion)"}]},{"@type":"WebSite","@id":"https:\/\/tapmagic.com\/fr\/#website","url":"https:\/\/tapmagic.com\/fr\/","name":"Tap Magic","description":"A Division of the Steco Corporation","potentialAction":[{"@type":"SearchAction","target":{"@type":"EntryPoint","urlTemplate":"https:\/\/tapmagic.com\/fr\/?s={search_term_string}"},"query-input":{"@type":"PropertyValueSpecification","valueRequired":true,"valueName":"search_term_string"}}],"inLanguage":"fr-FR"}]}},"_links":{"self":[{"href":"https:\/\/tapmagic.com\/fr\/wp-json\/wp\/v2\/product\/5716","targetHints":{"allow":["GET"]}}],"collection":[{"href":"https:\/\/tapmagic.com\/fr\/wp-json\/wp\/v2\/product"}],"about":[{"href":"https:\/\/tapmagic.com\/fr\/wp-json\/wp\/v2\/types\/product"}],"wp:featuredmedia":[{"embeddable":true,"href":"https:\/\/tapmagic.com\/fr\/wp-json\/wp\/v2\/media\/5333"}],"wp:attachment":[{"href":"https:\/\/tapmagic.com\/fr\/wp-json\/wp\/v2\/media?parent=5716"}],"wp:term":[{"taxonomy":"product-category","embeddable":true,"href":"https:\/\/tapmagic.com\/fr\/wp-json\/wp\/v2\/product-category?post=5716"}],"curies":[{"name":"wp","href":"https:\/\/api.w.org\/{rel}","templated":true}]}}