{"id":5714,"date":"2025-01-14T17:02:18","date_gmt":"2025-01-14T23:02:18","guid":{"rendered":"https:\/\/tapmagic.com\/product\/huile-ecologique-tap-magic\/"},"modified":"2025-04-03T16:04:54","modified_gmt":"2025-04-03T21:04:54","slug":"huile-ecologique-tap-magic","status":"publish","type":"product","link":"https:\/\/tapmagic.com\/fr\/product-old\/huile-ecologique-tap-magic\/","title":{"rendered":"Tap Magic Eco-Oil (Huile \u00e9cologique)"},"content":{"rendered":"<p>L&#8217;huile Tap Magic Eco-Oil (Huile \u00e9cologique) a \u00e9t\u00e9 reformul\u00e9e pour r\u00e9pondre aux exigences de la certification <strong>H1 Food Grade de<\/strong> la NSF ! Elle est toujours biod\u00e9gradable et poss\u00e8de une base d&#8217;huile naturelle qui est remarquablement peu odorante et peu fumante &#8211; m\u00eame pour les coupes qui produisent beaucoup de chaleur. Il n&#8217;y a pas eu de compromis sur la performance non plus &#8211; ce fluide est tr\u00e8s efficace sur tous les m\u00e9taux, en particulier l&#8217;acier inoxydable. Si vous souhaitez augmenter votre productivit\u00e9 et prolonger la dur\u00e9e de vie de votre outillage dans une usine de transformation alimentaire, une boulangerie, une usine pharmaceutique ou tout autre atelier n\u00e9cessitant un lubrifiant de qualit\u00e9 alimentaire, choisissez Tap Magic Eco-Oil (Huile \u00e9cologique) d\u00e8s aujourd&#8217;hui.   <\/p>\n<p>&nbsp;<\/p>\n","protected":false},"featured_media":5180,"template":"","meta":{"_links_to":"","_links_to_target":""},"product-category":[65,59],"class_list":["post-5714","product","type-product","status-publish","has-post-thumbnail","hentry","product-category-de-qualite-alimentaire","product-category-tous"],"yoast_head":"<!-- This site is optimized with the Yoast SEO plugin v27.4 - https:\/\/yoast.com\/product\/yoast-seo-wordpress\/ -->\n<title>Tap Magic Eco-Oil (Huile \u00e9cologique) - Tap Magic<\/title>\n<meta name=\"robots\" content=\"index, follow, max-snippet:-1, max-image-preview:large, max-video-preview:-1\" \/>\n<link rel=\"canonical\" href=\"https:\/\/tapmagic.com\/fr\/product-old\/huile-ecologique-tap-magic\/\" \/>\n<meta property=\"og:locale\" content=\"fr_FR\" \/>\n<meta property=\"og:type\" content=\"article\" \/>\n<meta property=\"og:title\" content=\"Tap Magic Eco-Oil (Huile \u00e9cologique) - Tap Magic\" \/>\n<meta property=\"og:description\" content=\"L&#8217;huile Tap Magic Eco-Oil (Huile \u00e9cologique) a \u00e9t\u00e9 reformul\u00e9e pour r\u00e9pondre aux exigences de la certification H1 Food Grade de la NSF ! Elle est toujours biod\u00e9gradable et poss\u00e8de une base d&#8217;huile naturelle qui est remarquablement peu odorante et peu fumante &#8211; m\u00eame pour les coupes qui produisent beaucoup de chaleur. Il n&#8217;y a pas [&hellip;]\" \/>\n<meta property=\"og:url\" content=\"https:\/\/tapmagic.com\/fr\/product-old\/huile-ecologique-tap-magic\/\" \/>\n<meta property=\"og:site_name\" content=\"Tap Magic\" \/>\n<meta property=\"article:modified_time\" content=\"2025-04-03T21:04:54+00:00\" \/>\n<meta property=\"og:image\" content=\"https:\/\/tapmagic.com\/wp-content\/uploads\/2025\/01\/20190508115558-60640c-webjpg.jpg\" \/>\n\t<meta property=\"og:image:width\" content=\"800\" \/>\n\t<meta property=\"og:image:height\" content=\"651\" \/>\n\t<meta property=\"og:image:type\" content=\"image\/jpeg\" \/>\n<meta name=\"twitter:card\" content=\"summary_large_image\" \/>\n<meta name=\"twitter:label1\" content=\"Dur\u00e9e de lecture estim\u00e9e\" \/>\n\t<meta name=\"twitter:data1\" content=\"1 minute\" \/>\n<script type=\"application\/ld+json\" class=\"yoast-schema-graph\">{\"@context\":\"https:\\\/\\\/schema.org\",\"@graph\":[{\"@type\":\"WebPage\",\"@id\":\"https:\\\/\\\/tapmagic.com\\\/fr\\\/product-old\\\/huile-ecologique-tap-magic\\\/\",\"url\":\"https:\\\/\\\/tapmagic.com\\\/fr\\\/product-old\\\/huile-ecologique-tap-magic\\\/\",\"name\":\"Tap Magic Eco-Oil (Huile \u00e9cologique) - Tap Magic\",\"isPartOf\":{\"@id\":\"https:\\\/\\\/tapmagic.com\\\/fr\\\/#website\"},\"primaryImageOfPage\":{\"@id\":\"https:\\\/\\\/tapmagic.com\\\/fr\\\/product-old\\\/huile-ecologique-tap-magic\\\/#primaryimage\"},\"image\":{\"@id\":\"https:\\\/\\\/tapmagic.com\\\/fr\\\/product-old\\\/huile-ecologique-tap-magic\\\/#primaryimage\"},\"thumbnailUrl\":\"https:\\\/\\\/tapmagic.com\\\/wp-content\\\/uploads\\\/2025\\\/01\\\/20190508115558-60640c-webjpg.jpg\",\"datePublished\":\"2025-01-14T23:02:18+00:00\",\"dateModified\":\"2025-04-03T21:04:54+00:00\",\"breadcrumb\":{\"@id\":\"https:\\\/\\\/tapmagic.com\\\/fr\\\/product-old\\\/huile-ecologique-tap-magic\\\/#breadcrumb\"},\"inLanguage\":\"fr-FR\",\"potentialAction\":[{\"@type\":\"ReadAction\",\"target\":[\"https:\\\/\\\/tapmagic.com\\\/fr\\\/product-old\\\/huile-ecologique-tap-magic\\\/\"]}]},{\"@type\":\"ImageObject\",\"inLanguage\":\"fr-FR\",\"@id\":\"https:\\\/\\\/tapmagic.com\\\/fr\\\/product-old\\\/huile-ecologique-tap-magic\\\/#primaryimage\",\"url\":\"https:\\\/\\\/tapmagic.com\\\/wp-content\\\/uploads\\\/2025\\\/01\\\/20190508115558-60640c-webjpg.jpg\",\"contentUrl\":\"https:\\\/\\\/tapmagic.com\\\/wp-content\\\/uploads\\\/2025\\\/01\\\/20190508115558-60640c-webjpg.jpg\",\"width\":800,\"height\":651},{\"@type\":\"BreadcrumbList\",\"@id\":\"https:\\\/\\\/tapmagic.com\\\/fr\\\/product-old\\\/huile-ecologique-tap-magic\\\/#breadcrumb\",\"itemListElement\":[{\"@type\":\"ListItem\",\"position\":1,\"name\":\"Home\",\"item\":\"https:\\\/\\\/tapmagic.com\\\/fr\\\/tapmagie\\\/\"},{\"@type\":\"ListItem\",\"position\":2,\"name\":\"Products Old\",\"item\":\"https:\\\/\\\/tapmagic.com\\\/fr\\\/product-old\\\/\"},{\"@type\":\"ListItem\",\"position\":3,\"name\":\"Tap Magic Eco-Oil (Huile \u00e9cologique)\"}]},{\"@type\":\"WebSite\",\"@id\":\"https:\\\/\\\/tapmagic.com\\\/fr\\\/#website\",\"url\":\"https:\\\/\\\/tapmagic.com\\\/fr\\\/\",\"name\":\"Tap Magic\",\"description\":\"A Division of the Steco Corporation\",\"potentialAction\":[{\"@type\":\"SearchAction\",\"target\":{\"@type\":\"EntryPoint\",\"urlTemplate\":\"https:\\\/\\\/tapmagic.com\\\/fr\\\/?s={search_term_string}\"},\"query-input\":{\"@type\":\"PropertyValueSpecification\",\"valueRequired\":true,\"valueName\":\"search_term_string\"}}],\"inLanguage\":\"fr-FR\"}]}<\/script>\n<!-- \/ Yoast SEO plugin. -->","yoast_head_json":{"title":"Tap Magic Eco-Oil (Huile \u00e9cologique) - Tap Magic","robots":{"index":"index","follow":"follow","max-snippet":"max-snippet:-1","max-image-preview":"max-image-preview:large","max-video-preview":"max-video-preview:-1"},"canonical":"https:\/\/tapmagic.com\/fr\/product-old\/huile-ecologique-tap-magic\/","og_locale":"fr_FR","og_type":"article","og_title":"Tap Magic Eco-Oil (Huile \u00e9cologique) - Tap Magic","og_description":"L&#8217;huile Tap Magic Eco-Oil (Huile \u00e9cologique) a \u00e9t\u00e9 reformul\u00e9e pour r\u00e9pondre aux exigences de la certification H1 Food Grade de la NSF ! Elle est toujours biod\u00e9gradable et poss\u00e8de une base d&#8217;huile naturelle qui est remarquablement peu odorante et peu fumante &#8211; m\u00eame pour les coupes qui produisent beaucoup de chaleur. Il n&#8217;y a pas [&hellip;]","og_url":"https:\/\/tapmagic.com\/fr\/product-old\/huile-ecologique-tap-magic\/","og_site_name":"Tap Magic","article_modified_time":"2025-04-03T21:04:54+00:00","og_image":[{"width":800,"height":651,"url":"https:\/\/tapmagic.com\/wp-content\/uploads\/2025\/01\/20190508115558-60640c-webjpg.jpg","type":"image\/jpeg"}],"twitter_card":"summary_large_image","twitter_misc":{"Dur\u00e9e de lecture estim\u00e9e":"1 minute"},"schema":{"@context":"https:\/\/schema.org","@graph":[{"@type":"WebPage","@id":"https:\/\/tapmagic.com\/fr\/product-old\/huile-ecologique-tap-magic\/","url":"https:\/\/tapmagic.com\/fr\/product-old\/huile-ecologique-tap-magic\/","name":"Tap Magic Eco-Oil (Huile \u00e9cologique) - Tap Magic","isPartOf":{"@id":"https:\/\/tapmagic.com\/fr\/#website"},"primaryImageOfPage":{"@id":"https:\/\/tapmagic.com\/fr\/product-old\/huile-ecologique-tap-magic\/#primaryimage"},"image":{"@id":"https:\/\/tapmagic.com\/fr\/product-old\/huile-ecologique-tap-magic\/#primaryimage"},"thumbnailUrl":"https:\/\/tapmagic.com\/wp-content\/uploads\/2025\/01\/20190508115558-60640c-webjpg.jpg","datePublished":"2025-01-14T23:02:18+00:00","dateModified":"2025-04-03T21:04:54+00:00","breadcrumb":{"@id":"https:\/\/tapmagic.com\/fr\/product-old\/huile-ecologique-tap-magic\/#breadcrumb"},"inLanguage":"fr-FR","potentialAction":[{"@type":"ReadAction","target":["https:\/\/tapmagic.com\/fr\/product-old\/huile-ecologique-tap-magic\/"]}]},{"@type":"ImageObject","inLanguage":"fr-FR","@id":"https:\/\/tapmagic.com\/fr\/product-old\/huile-ecologique-tap-magic\/#primaryimage","url":"https:\/\/tapmagic.com\/wp-content\/uploads\/2025\/01\/20190508115558-60640c-webjpg.jpg","contentUrl":"https:\/\/tapmagic.com\/wp-content\/uploads\/2025\/01\/20190508115558-60640c-webjpg.jpg","width":800,"height":651},{"@type":"BreadcrumbList","@id":"https:\/\/tapmagic.com\/fr\/product-old\/huile-ecologique-tap-magic\/#breadcrumb","itemListElement":[{"@type":"ListItem","position":1,"name":"Home","item":"https:\/\/tapmagic.com\/fr\/tapmagie\/"},{"@type":"ListItem","position":2,"name":"Products Old","item":"https:\/\/tapmagic.com\/fr\/product-old\/"},{"@type":"ListItem","position":3,"name":"Tap Magic Eco-Oil (Huile \u00e9cologique)"}]},{"@type":"WebSite","@id":"https:\/\/tapmagic.com\/fr\/#website","url":"https:\/\/tapmagic.com\/fr\/","name":"Tap Magic","description":"A Division of the Steco Corporation","potentialAction":[{"@type":"SearchAction","target":{"@type":"EntryPoint","urlTemplate":"https:\/\/tapmagic.com\/fr\/?s={search_term_string}"},"query-input":{"@type":"PropertyValueSpecification","valueRequired":true,"valueName":"search_term_string"}}],"inLanguage":"fr-FR"}]}},"_links":{"self":[{"href":"https:\/\/tapmagic.com\/fr\/wp-json\/wp\/v2\/product\/5714","targetHints":{"allow":["GET"]}}],"collection":[{"href":"https:\/\/tapmagic.com\/fr\/wp-json\/wp\/v2\/product"}],"about":[{"href":"https:\/\/tapmagic.com\/fr\/wp-json\/wp\/v2\/types\/product"}],"wp:featuredmedia":[{"embeddable":true,"href":"https:\/\/tapmagic.com\/fr\/wp-json\/wp\/v2\/media\/5180"}],"wp:attachment":[{"href":"https:\/\/tapmagic.com\/fr\/wp-json\/wp\/v2\/media?parent=5714"}],"wp:term":[{"taxonomy":"product-category","embeddable":true,"href":"https:\/\/tapmagic.com\/fr\/wp-json\/wp\/v2\/product-category?post=5714"}],"curies":[{"name":"wp","href":"https:\/\/api.w.org\/{rel}","templated":true}]}}