{"id":5711,"date":"2025-01-14T17:03:36","date_gmt":"2025-01-14T23:03:36","guid":{"rendered":"https:\/\/tapmagic.com\/product\/baton-waxx\/"},"modified":"2025-04-03T16:04:58","modified_gmt":"2025-04-03T21:04:58","slug":"baton-waxx","status":"publish","type":"product","link":"https:\/\/tapmagic.com\/fr\/product-old\/baton-waxx\/","title":{"rendered":"Waxx Stick (B\u00e2ton Cire)"},"content":{"rendered":"<p>Vous avez une application de coupe de m\u00e9tal difficile qui ne permet pas l&#8217;utilisation de lubrifiants liquides ? Vous souhaitez prolonger la dur\u00e9e de vie de votre outillage et am\u00e9liorer la pr\u00e9cision de votre travail ? Tap Magic a maintenant cr\u00e9\u00e9 sa formule haute performance sous forme de b\u00e2ton solide pour les travaux o\u00f9 un liquide ne suffit pas. Il reste sur votre outil et est con\u00e7u pour prolonger la dur\u00e9e de vie de l&#8217;outil, qu&#8217;il s&#8217;agisse de meuler pour l&#8217;enl\u00e8vement de m\u00e9tal ou la finition, de scier pour des coupes rapides et lisses, ou de tout autre type de coupe de m\u00e9tal. Am\u00e9liorez vos r\u00e9sultats dans l&#8217;atelier ou sur le terrain avec Tap Magic Waxx Stick (B\u00e2ton Cire) d\u00e8s aujourd&#8217;hui !    <\/p>\n<p>&nbsp;<\/p>\n","protected":false},"featured_media":5285,"template":"","meta":{"_links_to":"","_links_to_target":""},"product-category":[69,59],"class_list":["post-5711","product","type-product","status-publish","has-post-thumbnail","hentry","product-category-lubrifiant-solide","product-category-tous"],"yoast_head":"<!-- This site is optimized with the Yoast SEO plugin v27.4 - https:\/\/yoast.com\/product\/yoast-seo-wordpress\/ -->\n<title>Waxx Stick (B\u00e2ton Cire) - Tap Magic<\/title>\n<meta name=\"robots\" content=\"index, follow, max-snippet:-1, max-image-preview:large, max-video-preview:-1\" \/>\n<link rel=\"canonical\" href=\"https:\/\/tapmagic.com\/fr\/product-old\/baton-waxx\/\" \/>\n<meta property=\"og:locale\" content=\"fr_FR\" \/>\n<meta property=\"og:type\" content=\"article\" \/>\n<meta property=\"og:title\" content=\"Waxx Stick (B\u00e2ton Cire) - Tap Magic\" \/>\n<meta property=\"og:description\" content=\"Vous avez une application de coupe de m\u00e9tal difficile qui ne permet pas l&#8217;utilisation de lubrifiants liquides ? Vous souhaitez prolonger la dur\u00e9e de vie de votre outillage et am\u00e9liorer la pr\u00e9cision de votre travail ? Tap Magic a maintenant cr\u00e9\u00e9 sa formule haute performance sous forme de b\u00e2ton solide pour les travaux o\u00f9 un [&hellip;]\" \/>\n<meta property=\"og:url\" content=\"https:\/\/tapmagic.com\/fr\/product-old\/baton-waxx\/\" \/>\n<meta property=\"og:site_name\" content=\"Tap Magic\" \/>\n<meta property=\"article:modified_time\" content=\"2025-04-03T21:04:58+00:00\" \/>\n<meta property=\"og:image\" content=\"https:\/\/tapmagic.com\/wp-content\/uploads\/2025\/01\/20240207134801-resized-imagejpg.jpg\" \/>\n\t<meta property=\"og:image:width\" content=\"800\" \/>\n\t<meta property=\"og:image:height\" content=\"649\" \/>\n\t<meta property=\"og:image:type\" content=\"image\/jpeg\" \/>\n<meta name=\"twitter:card\" content=\"summary_large_image\" \/>\n<meta name=\"twitter:label1\" content=\"Dur\u00e9e de lecture estim\u00e9e\" \/>\n\t<meta name=\"twitter:data1\" content=\"1 minute\" \/>\n<script type=\"application\/ld+json\" class=\"yoast-schema-graph\">{\"@context\":\"https:\\\/\\\/schema.org\",\"@graph\":[{\"@type\":\"WebPage\",\"@id\":\"https:\\\/\\\/tapmagic.com\\\/fr\\\/product-old\\\/baton-waxx\\\/\",\"url\":\"https:\\\/\\\/tapmagic.com\\\/fr\\\/product-old\\\/baton-waxx\\\/\",\"name\":\"Waxx Stick (B\u00e2ton Cire) - Tap Magic\",\"isPartOf\":{\"@id\":\"https:\\\/\\\/tapmagic.com\\\/fr\\\/#website\"},\"primaryImageOfPage\":{\"@id\":\"https:\\\/\\\/tapmagic.com\\\/fr\\\/product-old\\\/baton-waxx\\\/#primaryimage\"},\"image\":{\"@id\":\"https:\\\/\\\/tapmagic.com\\\/fr\\\/product-old\\\/baton-waxx\\\/#primaryimage\"},\"thumbnailUrl\":\"https:\\\/\\\/tapmagic.com\\\/wp-content\\\/uploads\\\/2025\\\/01\\\/20240207134801-resized-imagejpg.jpg\",\"datePublished\":\"2025-01-14T23:03:36+00:00\",\"dateModified\":\"2025-04-03T21:04:58+00:00\",\"breadcrumb\":{\"@id\":\"https:\\\/\\\/tapmagic.com\\\/fr\\\/product-old\\\/baton-waxx\\\/#breadcrumb\"},\"inLanguage\":\"fr-FR\",\"potentialAction\":[{\"@type\":\"ReadAction\",\"target\":[\"https:\\\/\\\/tapmagic.com\\\/fr\\\/product-old\\\/baton-waxx\\\/\"]}]},{\"@type\":\"ImageObject\",\"inLanguage\":\"fr-FR\",\"@id\":\"https:\\\/\\\/tapmagic.com\\\/fr\\\/product-old\\\/baton-waxx\\\/#primaryimage\",\"url\":\"https:\\\/\\\/tapmagic.com\\\/wp-content\\\/uploads\\\/2025\\\/01\\\/20240207134801-resized-imagejpg.jpg\",\"contentUrl\":\"https:\\\/\\\/tapmagic.com\\\/wp-content\\\/uploads\\\/2025\\\/01\\\/20240207134801-resized-imagejpg.jpg\",\"width\":800,\"height\":649},{\"@type\":\"BreadcrumbList\",\"@id\":\"https:\\\/\\\/tapmagic.com\\\/fr\\\/product-old\\\/baton-waxx\\\/#breadcrumb\",\"itemListElement\":[{\"@type\":\"ListItem\",\"position\":1,\"name\":\"Home\",\"item\":\"https:\\\/\\\/tapmagic.com\\\/fr\\\/tapmagie\\\/\"},{\"@type\":\"ListItem\",\"position\":2,\"name\":\"Products Old\",\"item\":\"https:\\\/\\\/tapmagic.com\\\/fr\\\/product-old\\\/\"},{\"@type\":\"ListItem\",\"position\":3,\"name\":\"Waxx Stick (B\u00e2ton Cire)\"}]},{\"@type\":\"WebSite\",\"@id\":\"https:\\\/\\\/tapmagic.com\\\/fr\\\/#website\",\"url\":\"https:\\\/\\\/tapmagic.com\\\/fr\\\/\",\"name\":\"Tap Magic\",\"description\":\"A Division of the Steco Corporation\",\"potentialAction\":[{\"@type\":\"SearchAction\",\"target\":{\"@type\":\"EntryPoint\",\"urlTemplate\":\"https:\\\/\\\/tapmagic.com\\\/fr\\\/?s={search_term_string}\"},\"query-input\":{\"@type\":\"PropertyValueSpecification\",\"valueRequired\":true,\"valueName\":\"search_term_string\"}}],\"inLanguage\":\"fr-FR\"}]}<\/script>\n<!-- \/ Yoast SEO plugin. -->","yoast_head_json":{"title":"Waxx Stick (B\u00e2ton Cire) - Tap Magic","robots":{"index":"index","follow":"follow","max-snippet":"max-snippet:-1","max-image-preview":"max-image-preview:large","max-video-preview":"max-video-preview:-1"},"canonical":"https:\/\/tapmagic.com\/fr\/product-old\/baton-waxx\/","og_locale":"fr_FR","og_type":"article","og_title":"Waxx Stick (B\u00e2ton Cire) - Tap Magic","og_description":"Vous avez une application de coupe de m\u00e9tal difficile qui ne permet pas l&#8217;utilisation de lubrifiants liquides ? Vous souhaitez prolonger la dur\u00e9e de vie de votre outillage et am\u00e9liorer la pr\u00e9cision de votre travail ? Tap Magic a maintenant cr\u00e9\u00e9 sa formule haute performance sous forme de b\u00e2ton solide pour les travaux o\u00f9 un [&hellip;]","og_url":"https:\/\/tapmagic.com\/fr\/product-old\/baton-waxx\/","og_site_name":"Tap Magic","article_modified_time":"2025-04-03T21:04:58+00:00","og_image":[{"width":800,"height":649,"url":"https:\/\/tapmagic.com\/wp-content\/uploads\/2025\/01\/20240207134801-resized-imagejpg.jpg","type":"image\/jpeg"}],"twitter_card":"summary_large_image","twitter_misc":{"Dur\u00e9e de lecture estim\u00e9e":"1 minute"},"schema":{"@context":"https:\/\/schema.org","@graph":[{"@type":"WebPage","@id":"https:\/\/tapmagic.com\/fr\/product-old\/baton-waxx\/","url":"https:\/\/tapmagic.com\/fr\/product-old\/baton-waxx\/","name":"Waxx Stick (B\u00e2ton Cire) - Tap Magic","isPartOf":{"@id":"https:\/\/tapmagic.com\/fr\/#website"},"primaryImageOfPage":{"@id":"https:\/\/tapmagic.com\/fr\/product-old\/baton-waxx\/#primaryimage"},"image":{"@id":"https:\/\/tapmagic.com\/fr\/product-old\/baton-waxx\/#primaryimage"},"thumbnailUrl":"https:\/\/tapmagic.com\/wp-content\/uploads\/2025\/01\/20240207134801-resized-imagejpg.jpg","datePublished":"2025-01-14T23:03:36+00:00","dateModified":"2025-04-03T21:04:58+00:00","breadcrumb":{"@id":"https:\/\/tapmagic.com\/fr\/product-old\/baton-waxx\/#breadcrumb"},"inLanguage":"fr-FR","potentialAction":[{"@type":"ReadAction","target":["https:\/\/tapmagic.com\/fr\/product-old\/baton-waxx\/"]}]},{"@type":"ImageObject","inLanguage":"fr-FR","@id":"https:\/\/tapmagic.com\/fr\/product-old\/baton-waxx\/#primaryimage","url":"https:\/\/tapmagic.com\/wp-content\/uploads\/2025\/01\/20240207134801-resized-imagejpg.jpg","contentUrl":"https:\/\/tapmagic.com\/wp-content\/uploads\/2025\/01\/20240207134801-resized-imagejpg.jpg","width":800,"height":649},{"@type":"BreadcrumbList","@id":"https:\/\/tapmagic.com\/fr\/product-old\/baton-waxx\/#breadcrumb","itemListElement":[{"@type":"ListItem","position":1,"name":"Home","item":"https:\/\/tapmagic.com\/fr\/tapmagie\/"},{"@type":"ListItem","position":2,"name":"Products Old","item":"https:\/\/tapmagic.com\/fr\/product-old\/"},{"@type":"ListItem","position":3,"name":"Waxx Stick (B\u00e2ton Cire)"}]},{"@type":"WebSite","@id":"https:\/\/tapmagic.com\/fr\/#website","url":"https:\/\/tapmagic.com\/fr\/","name":"Tap Magic","description":"A Division of the Steco Corporation","potentialAction":[{"@type":"SearchAction","target":{"@type":"EntryPoint","urlTemplate":"https:\/\/tapmagic.com\/fr\/?s={search_term_string}"},"query-input":{"@type":"PropertyValueSpecification","valueRequired":true,"valueName":"search_term_string"}}],"inLanguage":"fr-FR"}]}},"_links":{"self":[{"href":"https:\/\/tapmagic.com\/fr\/wp-json\/wp\/v2\/product\/5711","targetHints":{"allow":["GET"]}}],"collection":[{"href":"https:\/\/tapmagic.com\/fr\/wp-json\/wp\/v2\/product"}],"about":[{"href":"https:\/\/tapmagic.com\/fr\/wp-json\/wp\/v2\/types\/product"}],"wp:featuredmedia":[{"embeddable":true,"href":"https:\/\/tapmagic.com\/fr\/wp-json\/wp\/v2\/media\/5285"}],"wp:attachment":[{"href":"https:\/\/tapmagic.com\/fr\/wp-json\/wp\/v2\/media?parent=5711"}],"wp:term":[{"taxonomy":"product-category","embeddable":true,"href":"https:\/\/tapmagic.com\/fr\/wp-json\/wp\/v2\/product-category?post=5711"}],"curies":[{"name":"wp","href":"https:\/\/api.w.org\/{rel}","templated":true}]}}