{"id":5710,"date":"2025-01-14T17:03:00","date_gmt":"2025-01-14T23:03:00","guid":{"rendered":"https:\/\/tapmagic.com\/product\/tap-magic-h2ox\/"},"modified":"2025-04-03T16:04:54","modified_gmt":"2025-04-03T21:04:54","slug":"tap-magic-h2ox","status":"publish","type":"product","link":"https:\/\/tapmagic.com\/fr\/product-old\/tap-magic-h2ox\/","title":{"rendered":"Tap Magic H2OX"},"content":{"rendered":"<p><strong>Tap Magic<sub>H2OX\u2122<\/sub><\/strong>est formul\u00e9 pour offrir un excellent pouvoir lubrifiant tout en \u00e9liminant le film collant et salissant associ\u00e9 aux produits \u00e0 base d&#8217;huile lourde.<\/p>\n<p>Con\u00e7u pour les travaux d&#8217;aff\u00fbtage d&#8217;outils tels que le meulage, le sciage, le fraisage, le per\u00e7age et l&#8217;al\u00e9sage des m\u00e9taux durs, <strong>Tap Magic<sub>H2OX\u2122<\/sub><\/strong>peut \u00eatre utilis\u00e9 avec n&#8217;importe quel syst\u00e8me de coupe des m\u00e9taux \u00e0 base d&#8217;eau pour offrir les avantages suivants :<\/p>\n<ul>\n<li>Dur\u00e9e de vie prolong\u00e9e des outils (avec ou sans rev\u00eatement)<\/li>\n<li>Longue dur\u00e9e de vie du bassin (faible croissance bact\u00e9rienne)<\/li>\n<li>Formulation \u00e0 faible irritation cutan\u00e9e<\/li>\n<li>R\u00e9sistant \u00e0 la formation de r\u00e9sidus ou de films<\/li>\n<li>R\u00e9sistant \u00e0 la corrosion<\/li>\n<li>Caract\u00e9ristiques de la mousse \u00e0 faible teneur en eau<\/li>\n<\/ul>\n<p>Vous faites confiance \u00e0 nos produits \u00e0 base d&#8217;huile depuis des d\u00e9cennies, alors nous avons pass\u00e9 des ann\u00e9es \u00e0 perfectionner un produit soluble dans l&#8217;eau qui est digne du nom <strong>Tap Magic.<\/strong> Si vous voulez prolonger la dur\u00e9e de vie de votre outillage et satisfaire vos clients, essayez <strong>Tap Magic<sub>H2OX\u2122<\/sub><\/strong>d\u00e8s aujourd&#8217;hui. <\/p>\n","protected":false},"featured_media":5795,"template":"","meta":{"_links_to":"","_links_to_target":""},"product-category":[62,59],"class_list":["post-5710","product","type-product","status-publish","has-post-thumbnail","hentry","product-category-refrigerant","product-category-tous"],"yoast_head":"<!-- This site is optimized with the Yoast SEO plugin v27.3 - https:\/\/yoast.com\/product\/yoast-seo-wordpress\/ -->\n<title>Tap Magic H2OX - Tap Magic<\/title>\n<meta name=\"robots\" content=\"index, follow, max-snippet:-1, max-image-preview:large, max-video-preview:-1\" \/>\n<link rel=\"canonical\" href=\"https:\/\/tapmagic.com\/fr\/product-old\/tap-magic-h2ox\/\" \/>\n<meta property=\"og:locale\" content=\"fr_FR\" \/>\n<meta property=\"og:type\" content=\"article\" \/>\n<meta property=\"og:title\" content=\"Tap Magic H2OX - Tap Magic\" \/>\n<meta property=\"og:description\" content=\"Tap MagicH2OX\u2122est formul\u00e9 pour offrir un excellent pouvoir lubrifiant tout en \u00e9liminant le film collant et salissant associ\u00e9 aux produits \u00e0 base d&#8217;huile lourde. Con\u00e7u pour les travaux d&#8217;aff\u00fbtage d&#8217;outils tels que le meulage, le sciage, le fraisage, le per\u00e7age et l&#8217;al\u00e9sage des m\u00e9taux durs, Tap MagicH2OX\u2122peut \u00eatre utilis\u00e9 avec n&#8217;importe quel syst\u00e8me de coupe [&hellip;]\" \/>\n<meta property=\"og:url\" content=\"https:\/\/tapmagic.com\/fr\/product-old\/tap-magic-h2ox\/\" \/>\n<meta property=\"og:site_name\" content=\"Tap Magic\" \/>\n<meta property=\"article:modified_time\" content=\"2025-04-03T21:04:54+00:00\" \/>\n<meta property=\"og:image\" content=\"https:\/\/tapmagic.com\/wp-content\/uploads\/2025\/01\/h20x-image.jpg\" \/>\n\t<meta property=\"og:image:width\" content=\"800\" \/>\n\t<meta property=\"og:image:height\" content=\"649\" \/>\n\t<meta property=\"og:image:type\" content=\"image\/jpeg\" \/>\n<meta name=\"twitter:card\" content=\"summary_large_image\" \/>\n<meta name=\"twitter:label1\" content=\"Dur\u00e9e de lecture estim\u00e9e\" \/>\n\t<meta name=\"twitter:data1\" content=\"1 minute\" \/>\n<script type=\"application\/ld+json\" class=\"yoast-schema-graph\">{\"@context\":\"https:\\\/\\\/schema.org\",\"@graph\":[{\"@type\":\"WebPage\",\"@id\":\"https:\\\/\\\/tapmagic.com\\\/fr\\\/product-old\\\/tap-magic-h2ox\\\/\",\"url\":\"https:\\\/\\\/tapmagic.com\\\/fr\\\/product-old\\\/tap-magic-h2ox\\\/\",\"name\":\"Tap Magic H2OX - Tap Magic\",\"isPartOf\":{\"@id\":\"https:\\\/\\\/tapmagic.com\\\/fr\\\/#website\"},\"primaryImageOfPage\":{\"@id\":\"https:\\\/\\\/tapmagic.com\\\/fr\\\/product-old\\\/tap-magic-h2ox\\\/#primaryimage\"},\"image\":{\"@id\":\"https:\\\/\\\/tapmagic.com\\\/fr\\\/product-old\\\/tap-magic-h2ox\\\/#primaryimage\"},\"thumbnailUrl\":\"https:\\\/\\\/tapmagic.com\\\/wp-content\\\/uploads\\\/2025\\\/01\\\/h20x-image.jpg\",\"datePublished\":\"2025-01-14T23:03:00+00:00\",\"dateModified\":\"2025-04-03T21:04:54+00:00\",\"breadcrumb\":{\"@id\":\"https:\\\/\\\/tapmagic.com\\\/fr\\\/product-old\\\/tap-magic-h2ox\\\/#breadcrumb\"},\"inLanguage\":\"fr-FR\",\"potentialAction\":[{\"@type\":\"ReadAction\",\"target\":[\"https:\\\/\\\/tapmagic.com\\\/fr\\\/product-old\\\/tap-magic-h2ox\\\/\"]}]},{\"@type\":\"ImageObject\",\"inLanguage\":\"fr-FR\",\"@id\":\"https:\\\/\\\/tapmagic.com\\\/fr\\\/product-old\\\/tap-magic-h2ox\\\/#primaryimage\",\"url\":\"https:\\\/\\\/tapmagic.com\\\/wp-content\\\/uploads\\\/2025\\\/01\\\/h20x-image.jpg\",\"contentUrl\":\"https:\\\/\\\/tapmagic.com\\\/wp-content\\\/uploads\\\/2025\\\/01\\\/h20x-image.jpg\",\"width\":800,\"height\":649},{\"@type\":\"BreadcrumbList\",\"@id\":\"https:\\\/\\\/tapmagic.com\\\/fr\\\/product-old\\\/tap-magic-h2ox\\\/#breadcrumb\",\"itemListElement\":[{\"@type\":\"ListItem\",\"position\":1,\"name\":\"Home\",\"item\":\"https:\\\/\\\/tapmagic.com\\\/fr\\\/tapmagie\\\/\"},{\"@type\":\"ListItem\",\"position\":2,\"name\":\"Products Old\",\"item\":\"https:\\\/\\\/tapmagic.com\\\/fr\\\/product-old\\\/\"},{\"@type\":\"ListItem\",\"position\":3,\"name\":\"Tap Magic H2OX\"}]},{\"@type\":\"WebSite\",\"@id\":\"https:\\\/\\\/tapmagic.com\\\/fr\\\/#website\",\"url\":\"https:\\\/\\\/tapmagic.com\\\/fr\\\/\",\"name\":\"Tap Magic\",\"description\":\"A Division of the Steco Corporation\",\"potentialAction\":[{\"@type\":\"SearchAction\",\"target\":{\"@type\":\"EntryPoint\",\"urlTemplate\":\"https:\\\/\\\/tapmagic.com\\\/fr\\\/?s={search_term_string}\"},\"query-input\":{\"@type\":\"PropertyValueSpecification\",\"valueRequired\":true,\"valueName\":\"search_term_string\"}}],\"inLanguage\":\"fr-FR\"}]}<\/script>\n<!-- \/ Yoast SEO plugin. -->","yoast_head_json":{"title":"Tap Magic H2OX - Tap Magic","robots":{"index":"index","follow":"follow","max-snippet":"max-snippet:-1","max-image-preview":"max-image-preview:large","max-video-preview":"max-video-preview:-1"},"canonical":"https:\/\/tapmagic.com\/fr\/product-old\/tap-magic-h2ox\/","og_locale":"fr_FR","og_type":"article","og_title":"Tap Magic H2OX - Tap Magic","og_description":"Tap MagicH2OX\u2122est formul\u00e9 pour offrir un excellent pouvoir lubrifiant tout en \u00e9liminant le film collant et salissant associ\u00e9 aux produits \u00e0 base d&#8217;huile lourde. Con\u00e7u pour les travaux d&#8217;aff\u00fbtage d&#8217;outils tels que le meulage, le sciage, le fraisage, le per\u00e7age et l&#8217;al\u00e9sage des m\u00e9taux durs, Tap MagicH2OX\u2122peut \u00eatre utilis\u00e9 avec n&#8217;importe quel syst\u00e8me de coupe [&hellip;]","og_url":"https:\/\/tapmagic.com\/fr\/product-old\/tap-magic-h2ox\/","og_site_name":"Tap Magic","article_modified_time":"2025-04-03T21:04:54+00:00","og_image":[{"width":800,"height":649,"url":"https:\/\/tapmagic.com\/wp-content\/uploads\/2025\/01\/h20x-image.jpg","type":"image\/jpeg"}],"twitter_card":"summary_large_image","twitter_misc":{"Dur\u00e9e de lecture estim\u00e9e":"1 minute"},"schema":{"@context":"https:\/\/schema.org","@graph":[{"@type":"WebPage","@id":"https:\/\/tapmagic.com\/fr\/product-old\/tap-magic-h2ox\/","url":"https:\/\/tapmagic.com\/fr\/product-old\/tap-magic-h2ox\/","name":"Tap Magic H2OX - Tap Magic","isPartOf":{"@id":"https:\/\/tapmagic.com\/fr\/#website"},"primaryImageOfPage":{"@id":"https:\/\/tapmagic.com\/fr\/product-old\/tap-magic-h2ox\/#primaryimage"},"image":{"@id":"https:\/\/tapmagic.com\/fr\/product-old\/tap-magic-h2ox\/#primaryimage"},"thumbnailUrl":"https:\/\/tapmagic.com\/wp-content\/uploads\/2025\/01\/h20x-image.jpg","datePublished":"2025-01-14T23:03:00+00:00","dateModified":"2025-04-03T21:04:54+00:00","breadcrumb":{"@id":"https:\/\/tapmagic.com\/fr\/product-old\/tap-magic-h2ox\/#breadcrumb"},"inLanguage":"fr-FR","potentialAction":[{"@type":"ReadAction","target":["https:\/\/tapmagic.com\/fr\/product-old\/tap-magic-h2ox\/"]}]},{"@type":"ImageObject","inLanguage":"fr-FR","@id":"https:\/\/tapmagic.com\/fr\/product-old\/tap-magic-h2ox\/#primaryimage","url":"https:\/\/tapmagic.com\/wp-content\/uploads\/2025\/01\/h20x-image.jpg","contentUrl":"https:\/\/tapmagic.com\/wp-content\/uploads\/2025\/01\/h20x-image.jpg","width":800,"height":649},{"@type":"BreadcrumbList","@id":"https:\/\/tapmagic.com\/fr\/product-old\/tap-magic-h2ox\/#breadcrumb","itemListElement":[{"@type":"ListItem","position":1,"name":"Home","item":"https:\/\/tapmagic.com\/fr\/tapmagie\/"},{"@type":"ListItem","position":2,"name":"Products Old","item":"https:\/\/tapmagic.com\/fr\/product-old\/"},{"@type":"ListItem","position":3,"name":"Tap Magic H2OX"}]},{"@type":"WebSite","@id":"https:\/\/tapmagic.com\/fr\/#website","url":"https:\/\/tapmagic.com\/fr\/","name":"Tap Magic","description":"A Division of the Steco Corporation","potentialAction":[{"@type":"SearchAction","target":{"@type":"EntryPoint","urlTemplate":"https:\/\/tapmagic.com\/fr\/?s={search_term_string}"},"query-input":{"@type":"PropertyValueSpecification","valueRequired":true,"valueName":"search_term_string"}}],"inLanguage":"fr-FR"}]}},"_links":{"self":[{"href":"https:\/\/tapmagic.com\/fr\/wp-json\/wp\/v2\/product\/5710","targetHints":{"allow":["GET"]}}],"collection":[{"href":"https:\/\/tapmagic.com\/fr\/wp-json\/wp\/v2\/product"}],"about":[{"href":"https:\/\/tapmagic.com\/fr\/wp-json\/wp\/v2\/types\/product"}],"wp:featuredmedia":[{"embeddable":true,"href":"https:\/\/tapmagic.com\/fr\/wp-json\/wp\/v2\/media\/5795"}],"wp:attachment":[{"href":"https:\/\/tapmagic.com\/fr\/wp-json\/wp\/v2\/media?parent=5710"}],"wp:term":[{"taxonomy":"product-category","embeddable":true,"href":"https:\/\/tapmagic.com\/fr\/wp-json\/wp\/v2\/product-category?post=5710"}],"curies":[{"name":"wp","href":"https:\/\/api.w.org\/{rel}","templated":true}]}}