{"id":5703,"date":"2025-01-14T17:03:26","date_gmt":"2025-01-14T23:03:26","guid":{"rendered":"https:\/\/tapmagic.com\/product\/tap-magic-plasma-cut\/"},"modified":"2025-04-03T16:04:59","modified_gmt":"2025-04-03T21:04:59","slug":"tap-magic-plasma-cut","status":"publish","type":"product","link":"https:\/\/tapmagic.com\/fr\/product-old\/tap-magic-plasma-cut\/","title":{"rendered":"Tap Magic Plasma Cut (D\u00e9coupe Plasma)"},"content":{"rendered":"<p>Si vous luttez contre la rouille, les odeurs ou la formation de mousse dans votre table, PLASMA CUT (D\u00e9coupe Plasma) peut vous aider \u00e0 minimiser ou \u00e0 \u00e9liminer ces probl\u00e8mes. Nous savons que les fluides d&#8217;atelier peuvent vous faire \u00e9conomiser de l&#8217;argent s&#8217;ils offrent une valeur sup\u00e9rieure au co\u00fbt. C&#8217;est pourquoi nous avons con\u00e7u ce m\u00e9lange respectueux de l&#8217;environnement pour vous permettre de travailler sur des commandes et non sur la performance de votre table. Essayez PLASMA CUT (D\u00e9coupe Plasma) d\u00e8s aujourd&#8217;hui et constatez la diff\u00e9rence :   <\/p>\n<ul>\n<li>Protection microbienne de longue dur\u00e9e (lutte contre les bact\u00e9ries et les champignons)<\/li>\n<li>Excellents inhibiteurs de corrosion<\/li>\n<li>Additif anti-mousse<\/li>\n<li>Couleur vive pour un contr\u00f4le rapide de la concentration<\/li>\n<li>Pas de produits chimiques puissants qui provoquent une irritation excessive de la peau<\/li>\n<\/ul>\n","protected":false},"featured_media":5267,"template":"","meta":{"_links_to":"","_links_to_target":""},"product-category":[71,59],"class_list":["post-5703","product","type-product","status-publish","has-post-thumbnail","hentry","product-category-nappe-phreatique","product-category-tous"],"yoast_head":"<!-- This site is optimized with the Yoast SEO plugin v27.3 - https:\/\/yoast.com\/product\/yoast-seo-wordpress\/ -->\n<title>Tap Magic Plasma Cut (D\u00e9coupe Plasma) - Tap Magic<\/title>\n<meta name=\"robots\" content=\"index, follow, max-snippet:-1, max-image-preview:large, max-video-preview:-1\" \/>\n<link rel=\"canonical\" href=\"https:\/\/tapmagic.com\/fr\/product-old\/tap-magic-plasma-cut\/\" \/>\n<meta property=\"og:locale\" content=\"fr_FR\" \/>\n<meta property=\"og:type\" content=\"article\" \/>\n<meta property=\"og:title\" content=\"Tap Magic Plasma Cut (D\u00e9coupe Plasma) - Tap Magic\" \/>\n<meta property=\"og:description\" content=\"Si vous luttez contre la rouille, les odeurs ou la formation de mousse dans votre table, PLASMA CUT (D\u00e9coupe Plasma) peut vous aider \u00e0 minimiser ou \u00e0 \u00e9liminer ces probl\u00e8mes. Nous savons que les fluides d&#8217;atelier peuvent vous faire \u00e9conomiser de l&#8217;argent s&#8217;ils offrent une valeur sup\u00e9rieure au co\u00fbt. C&#8217;est pourquoi nous avons con\u00e7u ce [&hellip;]\" \/>\n<meta property=\"og:url\" content=\"https:\/\/tapmagic.com\/fr\/product-old\/tap-magic-plasma-cut\/\" \/>\n<meta property=\"og:site_name\" content=\"Tap Magic\" \/>\n<meta property=\"article:modified_time\" content=\"2025-04-03T21:04:59+00:00\" \/>\n<meta property=\"og:image\" content=\"https:\/\/tapmagic.com\/wp-content\/uploads\/2025\/01\/20240207134103-resized-imagejpg.jpg\" \/>\n\t<meta property=\"og:image:width\" content=\"800\" \/>\n\t<meta property=\"og:image:height\" content=\"649\" \/>\n\t<meta property=\"og:image:type\" content=\"image\/jpeg\" \/>\n<meta name=\"twitter:card\" content=\"summary_large_image\" \/>\n<meta name=\"twitter:label1\" content=\"Dur\u00e9e de lecture estim\u00e9e\" \/>\n\t<meta name=\"twitter:data1\" content=\"1 minute\" \/>\n<script type=\"application\/ld+json\" class=\"yoast-schema-graph\">{\"@context\":\"https:\\\/\\\/schema.org\",\"@graph\":[{\"@type\":\"WebPage\",\"@id\":\"https:\\\/\\\/tapmagic.com\\\/fr\\\/product-old\\\/tap-magic-plasma-cut\\\/\",\"url\":\"https:\\\/\\\/tapmagic.com\\\/fr\\\/product-old\\\/tap-magic-plasma-cut\\\/\",\"name\":\"Tap Magic Plasma Cut (D\u00e9coupe Plasma) - Tap Magic\",\"isPartOf\":{\"@id\":\"https:\\\/\\\/tapmagic.com\\\/fr\\\/#website\"},\"primaryImageOfPage\":{\"@id\":\"https:\\\/\\\/tapmagic.com\\\/fr\\\/product-old\\\/tap-magic-plasma-cut\\\/#primaryimage\"},\"image\":{\"@id\":\"https:\\\/\\\/tapmagic.com\\\/fr\\\/product-old\\\/tap-magic-plasma-cut\\\/#primaryimage\"},\"thumbnailUrl\":\"https:\\\/\\\/tapmagic.com\\\/wp-content\\\/uploads\\\/2025\\\/01\\\/20240207134103-resized-imagejpg.jpg\",\"datePublished\":\"2025-01-14T23:03:26+00:00\",\"dateModified\":\"2025-04-03T21:04:59+00:00\",\"breadcrumb\":{\"@id\":\"https:\\\/\\\/tapmagic.com\\\/fr\\\/product-old\\\/tap-magic-plasma-cut\\\/#breadcrumb\"},\"inLanguage\":\"fr-FR\",\"potentialAction\":[{\"@type\":\"ReadAction\",\"target\":[\"https:\\\/\\\/tapmagic.com\\\/fr\\\/product-old\\\/tap-magic-plasma-cut\\\/\"]}]},{\"@type\":\"ImageObject\",\"inLanguage\":\"fr-FR\",\"@id\":\"https:\\\/\\\/tapmagic.com\\\/fr\\\/product-old\\\/tap-magic-plasma-cut\\\/#primaryimage\",\"url\":\"https:\\\/\\\/tapmagic.com\\\/wp-content\\\/uploads\\\/2025\\\/01\\\/20240207134103-resized-imagejpg.jpg\",\"contentUrl\":\"https:\\\/\\\/tapmagic.com\\\/wp-content\\\/uploads\\\/2025\\\/01\\\/20240207134103-resized-imagejpg.jpg\",\"width\":800,\"height\":649},{\"@type\":\"BreadcrumbList\",\"@id\":\"https:\\\/\\\/tapmagic.com\\\/fr\\\/product-old\\\/tap-magic-plasma-cut\\\/#breadcrumb\",\"itemListElement\":[{\"@type\":\"ListItem\",\"position\":1,\"name\":\"Home\",\"item\":\"https:\\\/\\\/tapmagic.com\\\/fr\\\/tapmagie\\\/\"},{\"@type\":\"ListItem\",\"position\":2,\"name\":\"Products Old\",\"item\":\"https:\\\/\\\/tapmagic.com\\\/fr\\\/product-old\\\/\"},{\"@type\":\"ListItem\",\"position\":3,\"name\":\"Tap Magic Plasma Cut (D\u00e9coupe Plasma)\"}]},{\"@type\":\"WebSite\",\"@id\":\"https:\\\/\\\/tapmagic.com\\\/fr\\\/#website\",\"url\":\"https:\\\/\\\/tapmagic.com\\\/fr\\\/\",\"name\":\"Tap Magic\",\"description\":\"A Division of the Steco Corporation\",\"potentialAction\":[{\"@type\":\"SearchAction\",\"target\":{\"@type\":\"EntryPoint\",\"urlTemplate\":\"https:\\\/\\\/tapmagic.com\\\/fr\\\/?s={search_term_string}\"},\"query-input\":{\"@type\":\"PropertyValueSpecification\",\"valueRequired\":true,\"valueName\":\"search_term_string\"}}],\"inLanguage\":\"fr-FR\"}]}<\/script>\n<!-- \/ Yoast SEO plugin. -->","yoast_head_json":{"title":"Tap Magic Plasma Cut (D\u00e9coupe Plasma) - Tap Magic","robots":{"index":"index","follow":"follow","max-snippet":"max-snippet:-1","max-image-preview":"max-image-preview:large","max-video-preview":"max-video-preview:-1"},"canonical":"https:\/\/tapmagic.com\/fr\/product-old\/tap-magic-plasma-cut\/","og_locale":"fr_FR","og_type":"article","og_title":"Tap Magic Plasma Cut (D\u00e9coupe Plasma) - Tap Magic","og_description":"Si vous luttez contre la rouille, les odeurs ou la formation de mousse dans votre table, PLASMA CUT (D\u00e9coupe Plasma) peut vous aider \u00e0 minimiser ou \u00e0 \u00e9liminer ces probl\u00e8mes. Nous savons que les fluides d&#8217;atelier peuvent vous faire \u00e9conomiser de l&#8217;argent s&#8217;ils offrent une valeur sup\u00e9rieure au co\u00fbt. C&#8217;est pourquoi nous avons con\u00e7u ce [&hellip;]","og_url":"https:\/\/tapmagic.com\/fr\/product-old\/tap-magic-plasma-cut\/","og_site_name":"Tap Magic","article_modified_time":"2025-04-03T21:04:59+00:00","og_image":[{"width":800,"height":649,"url":"https:\/\/tapmagic.com\/wp-content\/uploads\/2025\/01\/20240207134103-resized-imagejpg.jpg","type":"image\/jpeg"}],"twitter_card":"summary_large_image","twitter_misc":{"Dur\u00e9e de lecture estim\u00e9e":"1 minute"},"schema":{"@context":"https:\/\/schema.org","@graph":[{"@type":"WebPage","@id":"https:\/\/tapmagic.com\/fr\/product-old\/tap-magic-plasma-cut\/","url":"https:\/\/tapmagic.com\/fr\/product-old\/tap-magic-plasma-cut\/","name":"Tap Magic Plasma Cut (D\u00e9coupe Plasma) - Tap Magic","isPartOf":{"@id":"https:\/\/tapmagic.com\/fr\/#website"},"primaryImageOfPage":{"@id":"https:\/\/tapmagic.com\/fr\/product-old\/tap-magic-plasma-cut\/#primaryimage"},"image":{"@id":"https:\/\/tapmagic.com\/fr\/product-old\/tap-magic-plasma-cut\/#primaryimage"},"thumbnailUrl":"https:\/\/tapmagic.com\/wp-content\/uploads\/2025\/01\/20240207134103-resized-imagejpg.jpg","datePublished":"2025-01-14T23:03:26+00:00","dateModified":"2025-04-03T21:04:59+00:00","breadcrumb":{"@id":"https:\/\/tapmagic.com\/fr\/product-old\/tap-magic-plasma-cut\/#breadcrumb"},"inLanguage":"fr-FR","potentialAction":[{"@type":"ReadAction","target":["https:\/\/tapmagic.com\/fr\/product-old\/tap-magic-plasma-cut\/"]}]},{"@type":"ImageObject","inLanguage":"fr-FR","@id":"https:\/\/tapmagic.com\/fr\/product-old\/tap-magic-plasma-cut\/#primaryimage","url":"https:\/\/tapmagic.com\/wp-content\/uploads\/2025\/01\/20240207134103-resized-imagejpg.jpg","contentUrl":"https:\/\/tapmagic.com\/wp-content\/uploads\/2025\/01\/20240207134103-resized-imagejpg.jpg","width":800,"height":649},{"@type":"BreadcrumbList","@id":"https:\/\/tapmagic.com\/fr\/product-old\/tap-magic-plasma-cut\/#breadcrumb","itemListElement":[{"@type":"ListItem","position":1,"name":"Home","item":"https:\/\/tapmagic.com\/fr\/tapmagie\/"},{"@type":"ListItem","position":2,"name":"Products Old","item":"https:\/\/tapmagic.com\/fr\/product-old\/"},{"@type":"ListItem","position":3,"name":"Tap Magic Plasma Cut (D\u00e9coupe Plasma)"}]},{"@type":"WebSite","@id":"https:\/\/tapmagic.com\/fr\/#website","url":"https:\/\/tapmagic.com\/fr\/","name":"Tap Magic","description":"A Division of the Steco Corporation","potentialAction":[{"@type":"SearchAction","target":{"@type":"EntryPoint","urlTemplate":"https:\/\/tapmagic.com\/fr\/?s={search_term_string}"},"query-input":{"@type":"PropertyValueSpecification","valueRequired":true,"valueName":"search_term_string"}}],"inLanguage":"fr-FR"}]}},"_links":{"self":[{"href":"https:\/\/tapmagic.com\/fr\/wp-json\/wp\/v2\/product\/5703","targetHints":{"allow":["GET"]}}],"collection":[{"href":"https:\/\/tapmagic.com\/fr\/wp-json\/wp\/v2\/product"}],"about":[{"href":"https:\/\/tapmagic.com\/fr\/wp-json\/wp\/v2\/types\/product"}],"wp:featuredmedia":[{"embeddable":true,"href":"https:\/\/tapmagic.com\/fr\/wp-json\/wp\/v2\/media\/5267"}],"wp:attachment":[{"href":"https:\/\/tapmagic.com\/fr\/wp-json\/wp\/v2\/media?parent=5703"}],"wp:term":[{"taxonomy":"product-category","embeddable":true,"href":"https:\/\/tapmagic.com\/fr\/wp-json\/wp\/v2\/product-category?post=5703"}],"curies":[{"name":"wp","href":"https:\/\/api.w.org\/{rel}","templated":true}]}}