{"id":5516,"date":"2024-11-08T15:34:17","date_gmt":"2024-11-08T21:34:17","guid":{"rendered":"https:\/\/tapmagic.com\/pourquoi-nous\/"},"modified":"2025-03-19T14:07:53","modified_gmt":"2025-03-19T19:07:53","slug":"pourquoi-nous","status":"publish","type":"page","link":"https:\/\/tapmagic.com\/fr\/pourquoi-nous\/","title":{"rendered":"Pourquoi nous ?"},"content":{"rendered":"\t\t<div data-elementor-type=\"wp-page\" data-elementor-id=\"5516\" class=\"elementor elementor-5516 elementor-58\" data-elementor-post-type=\"page\">\n\t\t\t\t<div class=\"elementor-element elementor-element-719263d e-flex e-con-boxed e-con e-parent\" data-id=\"719263d\" data-element_type=\"container\" data-e-type=\"container\" data-settings=\"{&quot;background_background&quot;:&quot;classic&quot;}\">\n\t\t\t\t\t<div class=\"e-con-inner\">\n\t\t<div class=\"elementor-element elementor-element-fc3cba2 e-con-full e-flex e-con e-child\" data-id=\"fc3cba2\" data-element_type=\"container\" data-e-type=\"container\">\n\t\t\t\t<div class=\"elementor-element elementor-element-071dcf2 animated-fast elementor-invisible elementor-widget elementor-widget-heading\" data-id=\"071dcf2\" data-element_type=\"widget\" data-e-type=\"widget\" data-settings=\"{&quot;_animation&quot;:&quot;fadeIn&quot;}\" data-widget_type=\"heading.default\">\n\t\t\t\t<div class=\"elementor-widget-container\">\n\t\t\t\t\t<h1 class=\"elementor-heading-title elementor-size-default\">Pourquoi <b>nous ?<\/b><\/h1>\t\t\t\t<\/div>\n\t\t\t\t<\/div>\n\t\t\t\t<div class=\"elementor-element elementor-element-590afe6 animated-slow elementor-invisible elementor-widget elementor-widget-heading\" data-id=\"590afe6\" data-element_type=\"widget\" data-e-type=\"widget\" data-settings=\"{&quot;_animation&quot;:&quot;fadeIn&quot;}\" data-widget_type=\"heading.default\">\n\t\t\t\t<div class=\"elementor-widget-container\">\n\t\t\t\t\t<h3 class=\"elementor-heading-title elementor-size-default\">Nous nous portons garants de nos produits, et vous le ferez aussi lorsque vous les aurez essay\u00e9s.  \n\n<\/h3>\t\t\t\t<\/div>\n\t\t\t\t<\/div>\n\t\t\t\t<\/div>\n\t\t\t\t\t<\/div>\n\t\t\t\t<\/div>\n\t\t<div class=\"elementor-element elementor-element-52ea804 e-flex e-con-boxed e-con e-parent\" data-id=\"52ea804\" data-element_type=\"container\" data-e-type=\"container\">\n\t\t\t\t\t<div class=\"e-con-inner\">\n\t\t<div class=\"elementor-element elementor-element-e8172d5 e-con-full e-flex e-con e-child\" data-id=\"e8172d5\" data-element_type=\"container\" data-e-type=\"container\">\n\t\t\t\t<div class=\"elementor-element elementor-element-d6d3856 elementor-widget elementor-widget-text-editor\" data-id=\"d6d3856\" data-element_type=\"widget\" data-e-type=\"widget\" data-widget_type=\"text-editor.default\">\n\t\t\t\t<div class=\"elementor-widget-container\">\n\t\t\t\t\t\t\t\t\t<p>En 1953, nous avons cr\u00e9\u00e9 le premier d&#8217;une gamme de fluides de coupe incroyables : Tap Magic. A partir de ce fluide unique, nous avons d\u00e9velopp\u00e9 une gamme compl\u00e8te de fluides de coupe polyvalents, pr\u00e9cis et lubrifi\u00e9s qui r\u00e9pondront aux exigences de tout machiniste ou fabricant moderne. <\/p>\n<p>Au cours de nos 60 ann\u00e9es d&#8217;exp\u00e9rience, nous avons investi beaucoup de temps et d&#8217;efforts dans la recherche et le d\u00e9veloppement afin de cr\u00e9er les meilleurs fluides de coupe du march\u00e9. Nous sommes en mesure de le faire parce que <b>nous comprenons nos clients, nos produits et les applications dont chaque travail a besoin.<\/b> <\/p>\n<p>Nous ne nous contentons pas d&#8217;\u00eatre le premier nom dans le domaine des fluides de coupe ; nous innovons constamment et sortons des sentiers battus pour faire \u00e9voluer chaque produit de notre gamme sup\u00e9rieure. C&#8217;est pourquoi <b>nous sommes le leader de la cat\u00e9gorie en ce qui concerne les changements dans les r\u00e9glementations, les processus et les applications techniques.<\/b> <\/p>\n<p>Chez Steco Corporation, nous pensons que nos produits ne doivent pas seulement \u00eatre les meilleurs lorsqu&#8217;il s&#8217;agit d&#8217;applications pratiques dans l&#8217;usinage et la fabrication, mais aussi qu&#8217;ils doivent \u00eatre respectueux de l&#8217;environnement. C&#8217;est pourquoi nous avons ajout\u00e9 plusieurs fluides de coupe \u00e9cologiques \u00e0 notre gamme. Ils sont tout aussi r\u00e9sistants et polyvalents que nos autres fluides de coupe, mais ils pr\u00e9sentent l&#8217;avantage suppl\u00e9mentaire d&#8217;\u00eatre biod\u00e9gradables, peu fumig\u00e8nes et peu odorants, ce qui permet de pr\u00e9server la sant\u00e9 et la s\u00e9curit\u00e9 de notre environnement.  <\/p>\n<p><b>Nous nous portons garants de nos produits, et vous le ferez aussi lorsque vous les aurez essay\u00e9s.  <\/b><\/p>\n<p><b>Pour en savoir plus sur nos produits ou pour passer une commande pour votre entreprise, appelez-nous au 1-800-643-8026 ou envoyez-nous un fax au 501-374-4278.<\/b><\/p>\n\t\t\t\t\t\t\t\t<\/div>\n\t\t\t\t<\/div>\n\t\t\t\t<\/div>\n\t\t\t\t\t<\/div>\n\t\t\t\t<\/div>\n\t\t\t\t<\/div>\n\t\t","protected":false},"excerpt":{"rendered":"<p>Pourquoi nous ? Nous nous portons garants de nos produits, et vous le ferez aussi lorsque vous les aurez essay\u00e9s. En 1953, nous avons cr\u00e9\u00e9 le premier d&#8217;une gamme de fluides de coupe incroyables : Tap Magic. A partir de ce fluide unique, nous avons d\u00e9velopp\u00e9 une gamme compl\u00e8te de fluides de coupe polyvalents, pr\u00e9cis [&hellip;]<\/p>\n","protected":false},"author":1,"featured_media":0,"parent":0,"menu_order":0,"comment_status":"closed","ping_status":"closed","template":"elementor_header_footer","meta":{"footnotes":"","_links_to":"","_links_to_target":""},"class_list":["post-5516","page","type-page","status-publish","hentry"],"yoast_head":"<!-- This site is optimized with the Yoast SEO plugin v27.4 - https:\/\/yoast.com\/product\/yoast-seo-wordpress\/ -->\n<title>Pourquoi nous ? - Tap Magic<\/title>\n<meta name=\"robots\" content=\"index, follow, max-snippet:-1, max-image-preview:large, max-video-preview:-1\" \/>\n<link rel=\"canonical\" href=\"https:\/\/tapmagic.com\/fr\/pourquoi-nous\/\" \/>\n<meta property=\"og:locale\" content=\"fr_FR\" \/>\n<meta property=\"og:type\" content=\"article\" \/>\n<meta property=\"og:title\" content=\"Pourquoi nous ? - Tap Magic\" \/>\n<meta property=\"og:description\" content=\"Pourquoi nous ? Nous nous portons garants de nos produits, et vous le ferez aussi lorsque vous les aurez essay\u00e9s. En 1953, nous avons cr\u00e9\u00e9 le premier d&#8217;une gamme de fluides de coupe incroyables : Tap Magic. A partir de ce fluide unique, nous avons d\u00e9velopp\u00e9 une gamme compl\u00e8te de fluides de coupe polyvalents, pr\u00e9cis [&hellip;]\" \/>\n<meta property=\"og:url\" content=\"https:\/\/tapmagic.com\/fr\/pourquoi-nous\/\" \/>\n<meta property=\"og:site_name\" content=\"Tap Magic\" \/>\n<meta property=\"article:modified_time\" content=\"2025-03-19T19:07:53+00:00\" \/>\n<meta name=\"twitter:card\" content=\"summary_large_image\" \/>\n<meta name=\"twitter:label1\" content=\"Dur\u00e9e de lecture estim\u00e9e\" \/>\n\t<meta name=\"twitter:data1\" content=\"2 minutes\" \/>\n<script type=\"application\/ld+json\" class=\"yoast-schema-graph\">{\"@context\":\"https:\\\/\\\/schema.org\",\"@graph\":[{\"@type\":\"WebPage\",\"@id\":\"https:\\\/\\\/tapmagic.com\\\/fr\\\/pourquoi-nous\\\/\",\"url\":\"https:\\\/\\\/tapmagic.com\\\/fr\\\/pourquoi-nous\\\/\",\"name\":\"Pourquoi nous ? - Tap Magic\",\"isPartOf\":{\"@id\":\"https:\\\/\\\/tapmagic.com\\\/fr\\\/#website\"},\"datePublished\":\"2024-11-08T21:34:17+00:00\",\"dateModified\":\"2025-03-19T19:07:53+00:00\",\"breadcrumb\":{\"@id\":\"https:\\\/\\\/tapmagic.com\\\/fr\\\/pourquoi-nous\\\/#breadcrumb\"},\"inLanguage\":\"fr-FR\",\"potentialAction\":[{\"@type\":\"ReadAction\",\"target\":[\"https:\\\/\\\/tapmagic.com\\\/fr\\\/pourquoi-nous\\\/\"]}]},{\"@type\":\"BreadcrumbList\",\"@id\":\"https:\\\/\\\/tapmagic.com\\\/fr\\\/pourquoi-nous\\\/#breadcrumb\",\"itemListElement\":[{\"@type\":\"ListItem\",\"position\":1,\"name\":\"Home\",\"item\":\"https:\\\/\\\/tapmagic.com\\\/fr\\\/tapmagie\\\/\"},{\"@type\":\"ListItem\",\"position\":2,\"name\":\"Pourquoi nous ?\"}]},{\"@type\":\"WebSite\",\"@id\":\"https:\\\/\\\/tapmagic.com\\\/fr\\\/#website\",\"url\":\"https:\\\/\\\/tapmagic.com\\\/fr\\\/\",\"name\":\"Tap Magic\",\"description\":\"A Division of the Steco Corporation\",\"potentialAction\":[{\"@type\":\"SearchAction\",\"target\":{\"@type\":\"EntryPoint\",\"urlTemplate\":\"https:\\\/\\\/tapmagic.com\\\/fr\\\/?s={search_term_string}\"},\"query-input\":{\"@type\":\"PropertyValueSpecification\",\"valueRequired\":true,\"valueName\":\"search_term_string\"}}],\"inLanguage\":\"fr-FR\"}]}<\/script>\n<!-- \/ Yoast SEO plugin. -->","yoast_head_json":{"title":"Pourquoi nous ? - Tap Magic","robots":{"index":"index","follow":"follow","max-snippet":"max-snippet:-1","max-image-preview":"max-image-preview:large","max-video-preview":"max-video-preview:-1"},"canonical":"https:\/\/tapmagic.com\/fr\/pourquoi-nous\/","og_locale":"fr_FR","og_type":"article","og_title":"Pourquoi nous ? - Tap Magic","og_description":"Pourquoi nous ? Nous nous portons garants de nos produits, et vous le ferez aussi lorsque vous les aurez essay\u00e9s. En 1953, nous avons cr\u00e9\u00e9 le premier d&#8217;une gamme de fluides de coupe incroyables : Tap Magic. A partir de ce fluide unique, nous avons d\u00e9velopp\u00e9 une gamme compl\u00e8te de fluides de coupe polyvalents, pr\u00e9cis [&hellip;]","og_url":"https:\/\/tapmagic.com\/fr\/pourquoi-nous\/","og_site_name":"Tap Magic","article_modified_time":"2025-03-19T19:07:53+00:00","twitter_card":"summary_large_image","twitter_misc":{"Dur\u00e9e de lecture estim\u00e9e":"2 minutes"},"schema":{"@context":"https:\/\/schema.org","@graph":[{"@type":"WebPage","@id":"https:\/\/tapmagic.com\/fr\/pourquoi-nous\/","url":"https:\/\/tapmagic.com\/fr\/pourquoi-nous\/","name":"Pourquoi nous ? - Tap Magic","isPartOf":{"@id":"https:\/\/tapmagic.com\/fr\/#website"},"datePublished":"2024-11-08T21:34:17+00:00","dateModified":"2025-03-19T19:07:53+00:00","breadcrumb":{"@id":"https:\/\/tapmagic.com\/fr\/pourquoi-nous\/#breadcrumb"},"inLanguage":"fr-FR","potentialAction":[{"@type":"ReadAction","target":["https:\/\/tapmagic.com\/fr\/pourquoi-nous\/"]}]},{"@type":"BreadcrumbList","@id":"https:\/\/tapmagic.com\/fr\/pourquoi-nous\/#breadcrumb","itemListElement":[{"@type":"ListItem","position":1,"name":"Home","item":"https:\/\/tapmagic.com\/fr\/tapmagie\/"},{"@type":"ListItem","position":2,"name":"Pourquoi nous ?"}]},{"@type":"WebSite","@id":"https:\/\/tapmagic.com\/fr\/#website","url":"https:\/\/tapmagic.com\/fr\/","name":"Tap Magic","description":"A Division of the Steco Corporation","potentialAction":[{"@type":"SearchAction","target":{"@type":"EntryPoint","urlTemplate":"https:\/\/tapmagic.com\/fr\/?s={search_term_string}"},"query-input":{"@type":"PropertyValueSpecification","valueRequired":true,"valueName":"search_term_string"}}],"inLanguage":"fr-FR"}]}},"_links":{"self":[{"href":"https:\/\/tapmagic.com\/fr\/wp-json\/wp\/v2\/pages\/5516","targetHints":{"allow":["GET"]}}],"collection":[{"href":"https:\/\/tapmagic.com\/fr\/wp-json\/wp\/v2\/pages"}],"about":[{"href":"https:\/\/tapmagic.com\/fr\/wp-json\/wp\/v2\/types\/page"}],"author":[{"embeddable":true,"href":"https:\/\/tapmagic.com\/fr\/wp-json\/wp\/v2\/users\/1"}],"replies":[{"embeddable":true,"href":"https:\/\/tapmagic.com\/fr\/wp-json\/wp\/v2\/comments?post=5516"}],"version-history":[{"count":0,"href":"https:\/\/tapmagic.com\/fr\/wp-json\/wp\/v2\/pages\/5516\/revisions"}],"wp:attachment":[{"href":"https:\/\/tapmagic.com\/fr\/wp-json\/wp\/v2\/media?parent=5516"}],"curies":[{"name":"wp","href":"https:\/\/api.w.org\/{rel}","templated":true}]}}