{"id":5723,"date":"2025-01-14T17:02:04","date_gmt":"2025-01-14T23:02:04","guid":{"rendered":"https:\/\/tapmagic.com\/product\/tap-magic-xtra-espeso-y-xtra-espumoso\/"},"modified":"2025-04-03T16:04:50","modified_gmt":"2025-04-03T21:04:50","slug":"tap-magic-xtra-espeso-y-xtra-espumoso","status":"publish","type":"product","link":"https:\/\/tapmagic.com\/es\/product-old\/tap-magic-xtra-espeso-y-xtra-espumoso\/","title":{"rendered":"Tap Magic Xtra-Espeso y Xtra-Espumoso"},"content":{"rendered":"<p>El campe\u00f3n pesado de rendimiento extremo para metales duros: inconel, titanio, inoxidable&#8230; \u00a1cualquier metal de hasta 45 de dureza Rockwell! Elimina pr\u00e1cticamente el endurecimiento por deformaci\u00f3n. Su acci\u00f3n adherente hace que permanezca en la herramienta para cortes profundos en materiales de gran espesor y para trabajos de torno y fresado, ya que no es propenso a desprenderse. Tambi\u00e9n disponible en aerosol de 12 oz: \u00a1Xtra-Espumoso!   <\/p>\n<p><strong>Detalles extraespumosos<\/strong><\/p>\n<p>Un fluido de corte de alta visibilidad y acci\u00f3n espumante con el aditivo patentado <sup>EP-X3\u00ae<\/sup>para un rendimiento extremo en los metales m\u00e1s duros, incluso los de hasta 45 RC. La espuma de alta visibilidad te permite calibrar c\u00f3modamente la velocidad de aplicaci\u00f3n y la presencia de fluido. La acci\u00f3n adherente permanece m\u00e1s tiempo en la herramienta. Elimina el endurecimiento por deformaci\u00f3n.   <\/p>\n<p>Con la potencia a\u00f1adida del <sup>EP-X3<\/sup>, nuestro fluido de corte extraespumoso te proporciona una gran visibilidad en los metales y aplicaciones m\u00e1s dif\u00edciles. Aunque cortes en acero inoxidable, titanio, inconel u otros metales extremadamente dif\u00edciles, seguir\u00e1s teniendo el corte preciso que proporciona Tap Magic. <\/p>\n<p>&nbsp;<\/p>\n","protected":false},"featured_media":5136,"template":"","meta":{"_links_to":"","_links_to_target":""},"product-category":[53,47],"class_list":["post-5723","product","type-product","status-publish","has-post-thumbnail","hentry","product-category-metales-duros","product-category-todos"],"yoast_head":"<!-- This site is optimized with the Yoast SEO plugin v27.4 - https:\/\/yoast.com\/product\/yoast-seo-wordpress\/ -->\n<title>Tap Magic Xtra-Espeso y Xtra-Espumoso - Tap Magic<\/title>\n<meta name=\"robots\" content=\"index, follow, max-snippet:-1, max-image-preview:large, max-video-preview:-1\" \/>\n<link rel=\"canonical\" href=\"https:\/\/tapmagic.com\/es\/product-old\/tap-magic-xtra-espeso-y-xtra-espumoso\/\" \/>\n<meta property=\"og:locale\" content=\"es_ES\" \/>\n<meta property=\"og:type\" content=\"article\" \/>\n<meta property=\"og:title\" content=\"Tap Magic Xtra-Espeso y Xtra-Espumoso - Tap Magic\" \/>\n<meta property=\"og:description\" content=\"El campe\u00f3n pesado de rendimiento extremo para metales duros: inconel, titanio, inoxidable&#8230; \u00a1cualquier metal de hasta 45 de dureza Rockwell! Elimina pr\u00e1cticamente el endurecimiento por deformaci\u00f3n. Su acci\u00f3n adherente hace que permanezca en la herramienta para cortes profundos en materiales de gran espesor y para trabajos de torno y fresado, ya que no es propenso [&hellip;]\" \/>\n<meta property=\"og:url\" content=\"https:\/\/tapmagic.com\/es\/product-old\/tap-magic-xtra-espeso-y-xtra-espumoso\/\" \/>\n<meta property=\"og:site_name\" content=\"Tap Magic\" \/>\n<meta property=\"article:modified_time\" content=\"2025-04-03T21:04:50+00:00\" \/>\n<meta property=\"og:image\" content=\"https:\/\/tapmagic.com\/wp-content\/uploads\/2025\/01\/20160226182505-img-1720jpg.jpg\" \/>\n\t<meta property=\"og:image:width\" content=\"800\" \/>\n\t<meta property=\"og:image:height\" content=\"650\" \/>\n\t<meta property=\"og:image:type\" content=\"image\/jpeg\" \/>\n<meta name=\"twitter:card\" content=\"summary_large_image\" \/>\n<meta name=\"twitter:label1\" content=\"Tiempo de lectura\" \/>\n\t<meta name=\"twitter:data1\" content=\"1 minuto\" \/>\n<script type=\"application\/ld+json\" class=\"yoast-schema-graph\">{\"@context\":\"https:\\\/\\\/schema.org\",\"@graph\":[{\"@type\":\"WebPage\",\"@id\":\"https:\\\/\\\/tapmagic.com\\\/es\\\/product-old\\\/tap-magic-xtra-espeso-y-xtra-espumoso\\\/\",\"url\":\"https:\\\/\\\/tapmagic.com\\\/es\\\/product-old\\\/tap-magic-xtra-espeso-y-xtra-espumoso\\\/\",\"name\":\"Tap Magic Xtra-Espeso y Xtra-Espumoso - Tap Magic\",\"isPartOf\":{\"@id\":\"https:\\\/\\\/tapmagic.com\\\/es\\\/#website\"},\"primaryImageOfPage\":{\"@id\":\"https:\\\/\\\/tapmagic.com\\\/es\\\/product-old\\\/tap-magic-xtra-espeso-y-xtra-espumoso\\\/#primaryimage\"},\"image\":{\"@id\":\"https:\\\/\\\/tapmagic.com\\\/es\\\/product-old\\\/tap-magic-xtra-espeso-y-xtra-espumoso\\\/#primaryimage\"},\"thumbnailUrl\":\"https:\\\/\\\/tapmagic.com\\\/wp-content\\\/uploads\\\/2025\\\/01\\\/20160226182505-img-1720jpg.jpg\",\"datePublished\":\"2025-01-14T23:02:04+00:00\",\"dateModified\":\"2025-04-03T21:04:50+00:00\",\"breadcrumb\":{\"@id\":\"https:\\\/\\\/tapmagic.com\\\/es\\\/product-old\\\/tap-magic-xtra-espeso-y-xtra-espumoso\\\/#breadcrumb\"},\"inLanguage\":\"es\",\"potentialAction\":[{\"@type\":\"ReadAction\",\"target\":[\"https:\\\/\\\/tapmagic.com\\\/es\\\/product-old\\\/tap-magic-xtra-espeso-y-xtra-espumoso\\\/\"]}]},{\"@type\":\"ImageObject\",\"inLanguage\":\"es\",\"@id\":\"https:\\\/\\\/tapmagic.com\\\/es\\\/product-old\\\/tap-magic-xtra-espeso-y-xtra-espumoso\\\/#primaryimage\",\"url\":\"https:\\\/\\\/tapmagic.com\\\/wp-content\\\/uploads\\\/2025\\\/01\\\/20160226182505-img-1720jpg.jpg\",\"contentUrl\":\"https:\\\/\\\/tapmagic.com\\\/wp-content\\\/uploads\\\/2025\\\/01\\\/20160226182505-img-1720jpg.jpg\",\"width\":800,\"height\":650},{\"@type\":\"BreadcrumbList\",\"@id\":\"https:\\\/\\\/tapmagic.com\\\/es\\\/product-old\\\/tap-magic-xtra-espeso-y-xtra-espumoso\\\/#breadcrumb\",\"itemListElement\":[{\"@type\":\"ListItem\",\"position\":1,\"name\":\"Home\",\"item\":\"https:\\\/\\\/tapmagic.com\\\/es\\\/tapmagic\\\/\"},{\"@type\":\"ListItem\",\"position\":2,\"name\":\"Products Old\",\"item\":\"https:\\\/\\\/tapmagic.com\\\/es\\\/product-old\\\/\"},{\"@type\":\"ListItem\",\"position\":3,\"name\":\"Tap Magic Xtra-Espeso y Xtra-Espumoso\"}]},{\"@type\":\"WebSite\",\"@id\":\"https:\\\/\\\/tapmagic.com\\\/es\\\/#website\",\"url\":\"https:\\\/\\\/tapmagic.com\\\/es\\\/\",\"name\":\"Tap Magic\",\"description\":\"A Division of the Steco Corporation\",\"potentialAction\":[{\"@type\":\"SearchAction\",\"target\":{\"@type\":\"EntryPoint\",\"urlTemplate\":\"https:\\\/\\\/tapmagic.com\\\/es\\\/?s={search_term_string}\"},\"query-input\":{\"@type\":\"PropertyValueSpecification\",\"valueRequired\":true,\"valueName\":\"search_term_string\"}}],\"inLanguage\":\"es\"}]}<\/script>\n<!-- \/ Yoast SEO plugin. -->","yoast_head_json":{"title":"Tap Magic Xtra-Espeso y Xtra-Espumoso - Tap Magic","robots":{"index":"index","follow":"follow","max-snippet":"max-snippet:-1","max-image-preview":"max-image-preview:large","max-video-preview":"max-video-preview:-1"},"canonical":"https:\/\/tapmagic.com\/es\/product-old\/tap-magic-xtra-espeso-y-xtra-espumoso\/","og_locale":"es_ES","og_type":"article","og_title":"Tap Magic Xtra-Espeso y Xtra-Espumoso - Tap Magic","og_description":"El campe\u00f3n pesado de rendimiento extremo para metales duros: inconel, titanio, inoxidable&#8230; \u00a1cualquier metal de hasta 45 de dureza Rockwell! Elimina pr\u00e1cticamente el endurecimiento por deformaci\u00f3n. Su acci\u00f3n adherente hace que permanezca en la herramienta para cortes profundos en materiales de gran espesor y para trabajos de torno y fresado, ya que no es propenso [&hellip;]","og_url":"https:\/\/tapmagic.com\/es\/product-old\/tap-magic-xtra-espeso-y-xtra-espumoso\/","og_site_name":"Tap Magic","article_modified_time":"2025-04-03T21:04:50+00:00","og_image":[{"width":800,"height":650,"url":"https:\/\/tapmagic.com\/wp-content\/uploads\/2025\/01\/20160226182505-img-1720jpg.jpg","type":"image\/jpeg"}],"twitter_card":"summary_large_image","twitter_misc":{"Tiempo de lectura":"1 minuto"},"schema":{"@context":"https:\/\/schema.org","@graph":[{"@type":"WebPage","@id":"https:\/\/tapmagic.com\/es\/product-old\/tap-magic-xtra-espeso-y-xtra-espumoso\/","url":"https:\/\/tapmagic.com\/es\/product-old\/tap-magic-xtra-espeso-y-xtra-espumoso\/","name":"Tap Magic Xtra-Espeso y Xtra-Espumoso - Tap Magic","isPartOf":{"@id":"https:\/\/tapmagic.com\/es\/#website"},"primaryImageOfPage":{"@id":"https:\/\/tapmagic.com\/es\/product-old\/tap-magic-xtra-espeso-y-xtra-espumoso\/#primaryimage"},"image":{"@id":"https:\/\/tapmagic.com\/es\/product-old\/tap-magic-xtra-espeso-y-xtra-espumoso\/#primaryimage"},"thumbnailUrl":"https:\/\/tapmagic.com\/wp-content\/uploads\/2025\/01\/20160226182505-img-1720jpg.jpg","datePublished":"2025-01-14T23:02:04+00:00","dateModified":"2025-04-03T21:04:50+00:00","breadcrumb":{"@id":"https:\/\/tapmagic.com\/es\/product-old\/tap-magic-xtra-espeso-y-xtra-espumoso\/#breadcrumb"},"inLanguage":"es","potentialAction":[{"@type":"ReadAction","target":["https:\/\/tapmagic.com\/es\/product-old\/tap-magic-xtra-espeso-y-xtra-espumoso\/"]}]},{"@type":"ImageObject","inLanguage":"es","@id":"https:\/\/tapmagic.com\/es\/product-old\/tap-magic-xtra-espeso-y-xtra-espumoso\/#primaryimage","url":"https:\/\/tapmagic.com\/wp-content\/uploads\/2025\/01\/20160226182505-img-1720jpg.jpg","contentUrl":"https:\/\/tapmagic.com\/wp-content\/uploads\/2025\/01\/20160226182505-img-1720jpg.jpg","width":800,"height":650},{"@type":"BreadcrumbList","@id":"https:\/\/tapmagic.com\/es\/product-old\/tap-magic-xtra-espeso-y-xtra-espumoso\/#breadcrumb","itemListElement":[{"@type":"ListItem","position":1,"name":"Home","item":"https:\/\/tapmagic.com\/es\/tapmagic\/"},{"@type":"ListItem","position":2,"name":"Products Old","item":"https:\/\/tapmagic.com\/es\/product-old\/"},{"@type":"ListItem","position":3,"name":"Tap Magic Xtra-Espeso y Xtra-Espumoso"}]},{"@type":"WebSite","@id":"https:\/\/tapmagic.com\/es\/#website","url":"https:\/\/tapmagic.com\/es\/","name":"Tap Magic","description":"A Division of the Steco Corporation","potentialAction":[{"@type":"SearchAction","target":{"@type":"EntryPoint","urlTemplate":"https:\/\/tapmagic.com\/es\/?s={search_term_string}"},"query-input":{"@type":"PropertyValueSpecification","valueRequired":true,"valueName":"search_term_string"}}],"inLanguage":"es"}]}},"_links":{"self":[{"href":"https:\/\/tapmagic.com\/es\/wp-json\/wp\/v2\/product\/5723","targetHints":{"allow":["GET"]}}],"collection":[{"href":"https:\/\/tapmagic.com\/es\/wp-json\/wp\/v2\/product"}],"about":[{"href":"https:\/\/tapmagic.com\/es\/wp-json\/wp\/v2\/types\/product"}],"wp:featuredmedia":[{"embeddable":true,"href":"https:\/\/tapmagic.com\/es\/wp-json\/wp\/v2\/media\/5136"}],"wp:attachment":[{"href":"https:\/\/tapmagic.com\/es\/wp-json\/wp\/v2\/media?parent=5723"}],"wp:term":[{"taxonomy":"product-category","embeddable":true,"href":"https:\/\/tapmagic.com\/es\/wp-json\/wp\/v2\/product-category?post=5723"}],"curies":[{"name":"wp","href":"https:\/\/api.w.org\/{rel}","templated":true}]}}