{"id":5708,"date":"2025-01-14T17:03:00","date_gmt":"2025-01-14T23:03:00","guid":{"rendered":"https:\/\/tapmagic.com\/product\/grifo-magico-h2ox\/"},"modified":"2025-04-03T16:04:54","modified_gmt":"2025-04-03T21:04:54","slug":"grifo-magico-h2ox","status":"publish","type":"product","link":"https:\/\/tapmagic.com\/es\/product-old\/grifo-magico-h2ox\/","title":{"rendered":"Grifo M\u00e1gico H2OX"},"content":{"rendered":"<p><strong>Tap Magic <sub>H2OX\u2122<\/sub><\/strong>est\u00e1 formulado para proporcionar una excelente lubricidad al tiempo que elimina la pel\u00edcula pegajosa y sucia asociada a los productos de aceite pesado.<\/p>\n<p>Dise\u00f1ado para trabajos de embotamiento de herramientas como esmerilado, aserrado, fresado, mandrinado y escariado de metales duros, <strong>Tap Magic <sub>H2OX\u2122<\/sub><\/strong>puede utilizarse con cualquier sistema de corte de metales con base acuosa para proporcionar las siguientes ventajas:<\/p>\n<ul>\n<li>Mayor vida \u00fatil de la herramienta (con o sin recubrimiento)<\/li>\n<li>Larga vida \u00fatil del sumidero (bajo crecimiento bacteriano)<\/li>\n<li>Formulaci\u00f3n de baja irritaci\u00f3n cut\u00e1nea<\/li>\n<li>Resistente a la acumulaci\u00f3n de residuos o pel\u00edculas<\/li>\n<li>Resistente a la corrosi\u00f3n<\/li>\n<li>Caracter\u00edsticas de baja espuma<\/li>\n<\/ul>\n<p>Llevas d\u00e9cadas confiando en nuestros productos a base de aceite, as\u00ed que hemos dedicado a\u00f1os a perfeccionar un producto soluble en agua digno del nombre <strong>Tap Magic<\/strong>. Si quieres m\u00e1s vida \u00fatil para tus herramientas y clientes satisfechos, prueba <strong>Tap Magic <sub>H2OX\u2122<\/sub><\/strong>hoy mismo. <\/p>\n","protected":false},"featured_media":5796,"template":"","meta":{"_links_to":"","_links_to_target":""},"product-category":[49,47],"class_list":["post-5708","product","type-product","status-publish","has-post-thumbnail","hentry","product-category-refrigerante","product-category-todos"],"yoast_head":"<!-- This site is optimized with the Yoast SEO plugin v27.3 - https:\/\/yoast.com\/product\/yoast-seo-wordpress\/ -->\n<title>Grifo M\u00e1gico H2OX - Tap Magic<\/title>\n<meta name=\"robots\" content=\"index, follow, max-snippet:-1, max-image-preview:large, max-video-preview:-1\" \/>\n<link rel=\"canonical\" href=\"https:\/\/tapmagic.com\/es\/product-old\/grifo-magico-h2ox\/\" \/>\n<meta property=\"og:locale\" content=\"es_ES\" \/>\n<meta property=\"og:type\" content=\"article\" \/>\n<meta property=\"og:title\" content=\"Grifo M\u00e1gico H2OX - Tap Magic\" \/>\n<meta property=\"og:description\" content=\"Tap Magic H2OX\u2122est\u00e1 formulado para proporcionar una excelente lubricidad al tiempo que elimina la pel\u00edcula pegajosa y sucia asociada a los productos de aceite pesado. Dise\u00f1ado para trabajos de embotamiento de herramientas como esmerilado, aserrado, fresado, mandrinado y escariado de metales duros, Tap Magic H2OX\u2122puede utilizarse con cualquier sistema de corte de metales con base [&hellip;]\" \/>\n<meta property=\"og:url\" content=\"https:\/\/tapmagic.com\/es\/product-old\/grifo-magico-h2ox\/\" \/>\n<meta property=\"og:site_name\" content=\"Tap Magic\" \/>\n<meta property=\"article:modified_time\" content=\"2025-04-03T21:04:54+00:00\" \/>\n<meta property=\"og:image\" content=\"https:\/\/tapmagic.com\/wp-content\/uploads\/2025\/01\/h20x-image.jpg\" \/>\n\t<meta property=\"og:image:width\" content=\"800\" \/>\n\t<meta property=\"og:image:height\" content=\"649\" \/>\n\t<meta property=\"og:image:type\" content=\"image\/jpeg\" \/>\n<meta name=\"twitter:card\" content=\"summary_large_image\" \/>\n<meta name=\"twitter:label1\" content=\"Tiempo de lectura\" \/>\n\t<meta name=\"twitter:data1\" content=\"1 minuto\" \/>\n<script type=\"application\/ld+json\" class=\"yoast-schema-graph\">{\"@context\":\"https:\\\/\\\/schema.org\",\"@graph\":[{\"@type\":\"WebPage\",\"@id\":\"https:\\\/\\\/tapmagic.com\\\/es\\\/product-old\\\/grifo-magico-h2ox\\\/\",\"url\":\"https:\\\/\\\/tapmagic.com\\\/es\\\/product-old\\\/grifo-magico-h2ox\\\/\",\"name\":\"Grifo M\u00e1gico H2OX - Tap Magic\",\"isPartOf\":{\"@id\":\"https:\\\/\\\/tapmagic.com\\\/es\\\/#website\"},\"primaryImageOfPage\":{\"@id\":\"https:\\\/\\\/tapmagic.com\\\/es\\\/product-old\\\/grifo-magico-h2ox\\\/#primaryimage\"},\"image\":{\"@id\":\"https:\\\/\\\/tapmagic.com\\\/es\\\/product-old\\\/grifo-magico-h2ox\\\/#primaryimage\"},\"thumbnailUrl\":\"https:\\\/\\\/tapmagic.com\\\/wp-content\\\/uploads\\\/2025\\\/01\\\/h20x-image.jpg\",\"datePublished\":\"2025-01-14T23:03:00+00:00\",\"dateModified\":\"2025-04-03T21:04:54+00:00\",\"breadcrumb\":{\"@id\":\"https:\\\/\\\/tapmagic.com\\\/es\\\/product-old\\\/grifo-magico-h2ox\\\/#breadcrumb\"},\"inLanguage\":\"es\",\"potentialAction\":[{\"@type\":\"ReadAction\",\"target\":[\"https:\\\/\\\/tapmagic.com\\\/es\\\/product-old\\\/grifo-magico-h2ox\\\/\"]}]},{\"@type\":\"ImageObject\",\"inLanguage\":\"es\",\"@id\":\"https:\\\/\\\/tapmagic.com\\\/es\\\/product-old\\\/grifo-magico-h2ox\\\/#primaryimage\",\"url\":\"https:\\\/\\\/tapmagic.com\\\/wp-content\\\/uploads\\\/2025\\\/01\\\/h20x-image.jpg\",\"contentUrl\":\"https:\\\/\\\/tapmagic.com\\\/wp-content\\\/uploads\\\/2025\\\/01\\\/h20x-image.jpg\",\"width\":800,\"height\":649},{\"@type\":\"BreadcrumbList\",\"@id\":\"https:\\\/\\\/tapmagic.com\\\/es\\\/product-old\\\/grifo-magico-h2ox\\\/#breadcrumb\",\"itemListElement\":[{\"@type\":\"ListItem\",\"position\":1,\"name\":\"Home\",\"item\":\"https:\\\/\\\/tapmagic.com\\\/es\\\/tapmagic\\\/\"},{\"@type\":\"ListItem\",\"position\":2,\"name\":\"Products Old\",\"item\":\"https:\\\/\\\/tapmagic.com\\\/es\\\/product-old\\\/\"},{\"@type\":\"ListItem\",\"position\":3,\"name\":\"Grifo M\u00e1gico H2OX\"}]},{\"@type\":\"WebSite\",\"@id\":\"https:\\\/\\\/tapmagic.com\\\/es\\\/#website\",\"url\":\"https:\\\/\\\/tapmagic.com\\\/es\\\/\",\"name\":\"Tap Magic\",\"description\":\"A Division of the Steco Corporation\",\"potentialAction\":[{\"@type\":\"SearchAction\",\"target\":{\"@type\":\"EntryPoint\",\"urlTemplate\":\"https:\\\/\\\/tapmagic.com\\\/es\\\/?s={search_term_string}\"},\"query-input\":{\"@type\":\"PropertyValueSpecification\",\"valueRequired\":true,\"valueName\":\"search_term_string\"}}],\"inLanguage\":\"es\"}]}<\/script>\n<!-- \/ Yoast SEO plugin. -->","yoast_head_json":{"title":"Grifo M\u00e1gico H2OX - Tap Magic","robots":{"index":"index","follow":"follow","max-snippet":"max-snippet:-1","max-image-preview":"max-image-preview:large","max-video-preview":"max-video-preview:-1"},"canonical":"https:\/\/tapmagic.com\/es\/product-old\/grifo-magico-h2ox\/","og_locale":"es_ES","og_type":"article","og_title":"Grifo M\u00e1gico H2OX - Tap Magic","og_description":"Tap Magic H2OX\u2122est\u00e1 formulado para proporcionar una excelente lubricidad al tiempo que elimina la pel\u00edcula pegajosa y sucia asociada a los productos de aceite pesado. Dise\u00f1ado para trabajos de embotamiento de herramientas como esmerilado, aserrado, fresado, mandrinado y escariado de metales duros, Tap Magic H2OX\u2122puede utilizarse con cualquier sistema de corte de metales con base [&hellip;]","og_url":"https:\/\/tapmagic.com\/es\/product-old\/grifo-magico-h2ox\/","og_site_name":"Tap Magic","article_modified_time":"2025-04-03T21:04:54+00:00","og_image":[{"width":800,"height":649,"url":"https:\/\/tapmagic.com\/wp-content\/uploads\/2025\/01\/h20x-image.jpg","type":"image\/jpeg"}],"twitter_card":"summary_large_image","twitter_misc":{"Tiempo de lectura":"1 minuto"},"schema":{"@context":"https:\/\/schema.org","@graph":[{"@type":"WebPage","@id":"https:\/\/tapmagic.com\/es\/product-old\/grifo-magico-h2ox\/","url":"https:\/\/tapmagic.com\/es\/product-old\/grifo-magico-h2ox\/","name":"Grifo M\u00e1gico H2OX - Tap Magic","isPartOf":{"@id":"https:\/\/tapmagic.com\/es\/#website"},"primaryImageOfPage":{"@id":"https:\/\/tapmagic.com\/es\/product-old\/grifo-magico-h2ox\/#primaryimage"},"image":{"@id":"https:\/\/tapmagic.com\/es\/product-old\/grifo-magico-h2ox\/#primaryimage"},"thumbnailUrl":"https:\/\/tapmagic.com\/wp-content\/uploads\/2025\/01\/h20x-image.jpg","datePublished":"2025-01-14T23:03:00+00:00","dateModified":"2025-04-03T21:04:54+00:00","breadcrumb":{"@id":"https:\/\/tapmagic.com\/es\/product-old\/grifo-magico-h2ox\/#breadcrumb"},"inLanguage":"es","potentialAction":[{"@type":"ReadAction","target":["https:\/\/tapmagic.com\/es\/product-old\/grifo-magico-h2ox\/"]}]},{"@type":"ImageObject","inLanguage":"es","@id":"https:\/\/tapmagic.com\/es\/product-old\/grifo-magico-h2ox\/#primaryimage","url":"https:\/\/tapmagic.com\/wp-content\/uploads\/2025\/01\/h20x-image.jpg","contentUrl":"https:\/\/tapmagic.com\/wp-content\/uploads\/2025\/01\/h20x-image.jpg","width":800,"height":649},{"@type":"BreadcrumbList","@id":"https:\/\/tapmagic.com\/es\/product-old\/grifo-magico-h2ox\/#breadcrumb","itemListElement":[{"@type":"ListItem","position":1,"name":"Home","item":"https:\/\/tapmagic.com\/es\/tapmagic\/"},{"@type":"ListItem","position":2,"name":"Products Old","item":"https:\/\/tapmagic.com\/es\/product-old\/"},{"@type":"ListItem","position":3,"name":"Grifo M\u00e1gico H2OX"}]},{"@type":"WebSite","@id":"https:\/\/tapmagic.com\/es\/#website","url":"https:\/\/tapmagic.com\/es\/","name":"Tap Magic","description":"A Division of the Steco Corporation","potentialAction":[{"@type":"SearchAction","target":{"@type":"EntryPoint","urlTemplate":"https:\/\/tapmagic.com\/es\/?s={search_term_string}"},"query-input":{"@type":"PropertyValueSpecification","valueRequired":true,"valueName":"search_term_string"}}],"inLanguage":"es"}]}},"_links":{"self":[{"href":"https:\/\/tapmagic.com\/es\/wp-json\/wp\/v2\/product\/5708","targetHints":{"allow":["GET"]}}],"collection":[{"href":"https:\/\/tapmagic.com\/es\/wp-json\/wp\/v2\/product"}],"about":[{"href":"https:\/\/tapmagic.com\/es\/wp-json\/wp\/v2\/types\/product"}],"wp:featuredmedia":[{"embeddable":true,"href":"https:\/\/tapmagic.com\/es\/wp-json\/wp\/v2\/media\/5796"}],"wp:attachment":[{"href":"https:\/\/tapmagic.com\/es\/wp-json\/wp\/v2\/media?parent=5708"}],"wp:term":[{"taxonomy":"product-category","embeddable":true,"href":"https:\/\/tapmagic.com\/es\/wp-json\/wp\/v2\/product-category?post=5708"}],"curies":[{"name":"wp","href":"https:\/\/api.w.org\/{rel}","templated":true}]}}