{"id":5706,"date":"2025-01-14T17:04:07","date_gmt":"2025-01-14T23:04:07","guid":{"rendered":"https:\/\/tapmagic.com\/product\/limpiador-magico-de-grifos\/"},"modified":"2025-04-03T16:05:04","modified_gmt":"2025-04-03T21:05:04","slug":"limpiador-magico-de-grifos","status":"publish","type":"product","link":"https:\/\/tapmagic.com\/es\/product-old\/limpiador-magico-de-grifos\/","title":{"rendered":"Limpiador m\u00e1gico de grifos"},"content":{"rendered":"<p>Llevamos d\u00e9cadas fabricando fluidos de corte Tap Magic de primera calidad. \u00bfNo es hora de que terminemos el trabajo? \u00a1Presentamos el limpiador Tap Magic! Espec\u00edficamente dise\u00f1ado para limpiar sus herramientas, piezas de trabajo y equipos, tambi\u00e9n es un excelente limpiador de uso general para todo lo que rodea el taller o la planta. Despu\u00e9s de utilizar el fluido de corte Tap Magic, es el paso 2 en cualquier operaci\u00f3n de mecanizado para proporcionar a sus clientes piezas de la m\u00e1xima calidad.    <\/p>\n","protected":false},"featured_media":5325,"template":"","meta":{"_links_to":"","_links_to_target":""},"product-category":[48,47],"class_list":["post-5706","product","type-product","status-publish","has-post-thumbnail","hentry","product-category-limpiador","product-category-todos"],"yoast_head":"<!-- This site is optimized with the Yoast SEO plugin v27.5 - https:\/\/yoast.com\/product\/yoast-seo-wordpress\/ -->\n<title>Limpiador m\u00e1gico de grifos - Tap Magic<\/title>\n<meta name=\"robots\" content=\"index, follow, max-snippet:-1, max-image-preview:large, max-video-preview:-1\" \/>\n<link rel=\"canonical\" href=\"https:\/\/tapmagic.com\/es\/product-old\/limpiador-magico-de-grifos\/\" \/>\n<meta property=\"og:locale\" content=\"es_ES\" \/>\n<meta property=\"og:type\" content=\"article\" \/>\n<meta property=\"og:title\" content=\"Limpiador m\u00e1gico de grifos - Tap Magic\" \/>\n<meta property=\"og:description\" content=\"Llevamos d\u00e9cadas fabricando fluidos de corte Tap Magic de primera calidad. \u00bfNo es hora de que terminemos el trabajo? \u00a1Presentamos el limpiador Tap Magic! Espec\u00edficamente dise\u00f1ado para limpiar sus herramientas, piezas de trabajo y equipos, tambi\u00e9n es un excelente limpiador de uso general para todo lo que rodea el taller o la planta. Despu\u00e9s de [&hellip;]\" \/>\n<meta property=\"og:url\" content=\"https:\/\/tapmagic.com\/es\/product-old\/limpiador-magico-de-grifos\/\" \/>\n<meta property=\"og:site_name\" content=\"Tap Magic\" \/>\n<meta property=\"article:modified_time\" content=\"2025-04-03T21:05:04+00:00\" \/>\n<meta property=\"og:image\" content=\"https:\/\/tapmagic.com\/wp-content\/uploads\/2025\/01\/20240207101832-resized-imagejpg.jpg\" \/>\n\t<meta property=\"og:image:width\" content=\"800\" \/>\n\t<meta property=\"og:image:height\" content=\"650\" \/>\n\t<meta property=\"og:image:type\" content=\"image\/jpeg\" \/>\n<meta name=\"twitter:card\" content=\"summary_large_image\" \/>\n<script type=\"application\/ld+json\" class=\"yoast-schema-graph\">{\"@context\":\"https:\\\/\\\/schema.org\",\"@graph\":[{\"@type\":\"WebPage\",\"@id\":\"https:\\\/\\\/tapmagic.com\\\/es\\\/product-old\\\/limpiador-magico-de-grifos\\\/\",\"url\":\"https:\\\/\\\/tapmagic.com\\\/es\\\/product-old\\\/limpiador-magico-de-grifos\\\/\",\"name\":\"Limpiador m\u00e1gico de grifos - Tap Magic\",\"isPartOf\":{\"@id\":\"https:\\\/\\\/tapmagic.com\\\/es\\\/#website\"},\"primaryImageOfPage\":{\"@id\":\"https:\\\/\\\/tapmagic.com\\\/es\\\/product-old\\\/limpiador-magico-de-grifos\\\/#primaryimage\"},\"image\":{\"@id\":\"https:\\\/\\\/tapmagic.com\\\/es\\\/product-old\\\/limpiador-magico-de-grifos\\\/#primaryimage\"},\"thumbnailUrl\":\"https:\\\/\\\/tapmagic.com\\\/wp-content\\\/uploads\\\/2025\\\/01\\\/20240207101832-resized-imagejpg.jpg\",\"datePublished\":\"2025-01-14T23:04:07+00:00\",\"dateModified\":\"2025-04-03T21:05:04+00:00\",\"breadcrumb\":{\"@id\":\"https:\\\/\\\/tapmagic.com\\\/es\\\/product-old\\\/limpiador-magico-de-grifos\\\/#breadcrumb\"},\"inLanguage\":\"es\",\"potentialAction\":[{\"@type\":\"ReadAction\",\"target\":[\"https:\\\/\\\/tapmagic.com\\\/es\\\/product-old\\\/limpiador-magico-de-grifos\\\/\"]}]},{\"@type\":\"ImageObject\",\"inLanguage\":\"es\",\"@id\":\"https:\\\/\\\/tapmagic.com\\\/es\\\/product-old\\\/limpiador-magico-de-grifos\\\/#primaryimage\",\"url\":\"https:\\\/\\\/tapmagic.com\\\/wp-content\\\/uploads\\\/2025\\\/01\\\/20240207101832-resized-imagejpg.jpg\",\"contentUrl\":\"https:\\\/\\\/tapmagic.com\\\/wp-content\\\/uploads\\\/2025\\\/01\\\/20240207101832-resized-imagejpg.jpg\",\"width\":800,\"height\":650},{\"@type\":\"BreadcrumbList\",\"@id\":\"https:\\\/\\\/tapmagic.com\\\/es\\\/product-old\\\/limpiador-magico-de-grifos\\\/#breadcrumb\",\"itemListElement\":[{\"@type\":\"ListItem\",\"position\":1,\"name\":\"Home\",\"item\":\"https:\\\/\\\/tapmagic.com\\\/es\\\/tapmagic\\\/\"},{\"@type\":\"ListItem\",\"position\":2,\"name\":\"Products Old\",\"item\":\"https:\\\/\\\/tapmagic.com\\\/es\\\/product-old\\\/\"},{\"@type\":\"ListItem\",\"position\":3,\"name\":\"Limpiador m\u00e1gico de grifos\"}]},{\"@type\":\"WebSite\",\"@id\":\"https:\\\/\\\/tapmagic.com\\\/es\\\/#website\",\"url\":\"https:\\\/\\\/tapmagic.com\\\/es\\\/\",\"name\":\"Tap Magic\",\"description\":\"A Division of the Steco Corporation\",\"potentialAction\":[{\"@type\":\"SearchAction\",\"target\":{\"@type\":\"EntryPoint\",\"urlTemplate\":\"https:\\\/\\\/tapmagic.com\\\/es\\\/?s={search_term_string}\"},\"query-input\":{\"@type\":\"PropertyValueSpecification\",\"valueRequired\":true,\"valueName\":\"search_term_string\"}}],\"inLanguage\":\"es\"}]}<\/script>\n<!-- \/ Yoast SEO plugin. -->","yoast_head_json":{"title":"Limpiador m\u00e1gico de grifos - Tap Magic","robots":{"index":"index","follow":"follow","max-snippet":"max-snippet:-1","max-image-preview":"max-image-preview:large","max-video-preview":"max-video-preview:-1"},"canonical":"https:\/\/tapmagic.com\/es\/product-old\/limpiador-magico-de-grifos\/","og_locale":"es_ES","og_type":"article","og_title":"Limpiador m\u00e1gico de grifos - Tap Magic","og_description":"Llevamos d\u00e9cadas fabricando fluidos de corte Tap Magic de primera calidad. \u00bfNo es hora de que terminemos el trabajo? \u00a1Presentamos el limpiador Tap Magic! Espec\u00edficamente dise\u00f1ado para limpiar sus herramientas, piezas de trabajo y equipos, tambi\u00e9n es un excelente limpiador de uso general para todo lo que rodea el taller o la planta. Despu\u00e9s de [&hellip;]","og_url":"https:\/\/tapmagic.com\/es\/product-old\/limpiador-magico-de-grifos\/","og_site_name":"Tap Magic","article_modified_time":"2025-04-03T21:05:04+00:00","og_image":[{"width":800,"height":650,"url":"https:\/\/tapmagic.com\/wp-content\/uploads\/2025\/01\/20240207101832-resized-imagejpg.jpg","type":"image\/jpeg"}],"twitter_card":"summary_large_image","schema":{"@context":"https:\/\/schema.org","@graph":[{"@type":"WebPage","@id":"https:\/\/tapmagic.com\/es\/product-old\/limpiador-magico-de-grifos\/","url":"https:\/\/tapmagic.com\/es\/product-old\/limpiador-magico-de-grifos\/","name":"Limpiador m\u00e1gico de grifos - Tap Magic","isPartOf":{"@id":"https:\/\/tapmagic.com\/es\/#website"},"primaryImageOfPage":{"@id":"https:\/\/tapmagic.com\/es\/product-old\/limpiador-magico-de-grifos\/#primaryimage"},"image":{"@id":"https:\/\/tapmagic.com\/es\/product-old\/limpiador-magico-de-grifos\/#primaryimage"},"thumbnailUrl":"https:\/\/tapmagic.com\/wp-content\/uploads\/2025\/01\/20240207101832-resized-imagejpg.jpg","datePublished":"2025-01-14T23:04:07+00:00","dateModified":"2025-04-03T21:05:04+00:00","breadcrumb":{"@id":"https:\/\/tapmagic.com\/es\/product-old\/limpiador-magico-de-grifos\/#breadcrumb"},"inLanguage":"es","potentialAction":[{"@type":"ReadAction","target":["https:\/\/tapmagic.com\/es\/product-old\/limpiador-magico-de-grifos\/"]}]},{"@type":"ImageObject","inLanguage":"es","@id":"https:\/\/tapmagic.com\/es\/product-old\/limpiador-magico-de-grifos\/#primaryimage","url":"https:\/\/tapmagic.com\/wp-content\/uploads\/2025\/01\/20240207101832-resized-imagejpg.jpg","contentUrl":"https:\/\/tapmagic.com\/wp-content\/uploads\/2025\/01\/20240207101832-resized-imagejpg.jpg","width":800,"height":650},{"@type":"BreadcrumbList","@id":"https:\/\/tapmagic.com\/es\/product-old\/limpiador-magico-de-grifos\/#breadcrumb","itemListElement":[{"@type":"ListItem","position":1,"name":"Home","item":"https:\/\/tapmagic.com\/es\/tapmagic\/"},{"@type":"ListItem","position":2,"name":"Products Old","item":"https:\/\/tapmagic.com\/es\/product-old\/"},{"@type":"ListItem","position":3,"name":"Limpiador m\u00e1gico de grifos"}]},{"@type":"WebSite","@id":"https:\/\/tapmagic.com\/es\/#website","url":"https:\/\/tapmagic.com\/es\/","name":"Tap Magic","description":"A Division of the Steco Corporation","potentialAction":[{"@type":"SearchAction","target":{"@type":"EntryPoint","urlTemplate":"https:\/\/tapmagic.com\/es\/?s={search_term_string}"},"query-input":{"@type":"PropertyValueSpecification","valueRequired":true,"valueName":"search_term_string"}}],"inLanguage":"es"}]}},"_links":{"self":[{"href":"https:\/\/tapmagic.com\/es\/wp-json\/wp\/v2\/product\/5706","targetHints":{"allow":["GET"]}}],"collection":[{"href":"https:\/\/tapmagic.com\/es\/wp-json\/wp\/v2\/product"}],"about":[{"href":"https:\/\/tapmagic.com\/es\/wp-json\/wp\/v2\/types\/product"}],"wp:featuredmedia":[{"embeddable":true,"href":"https:\/\/tapmagic.com\/es\/wp-json\/wp\/v2\/media\/5325"}],"wp:attachment":[{"href":"https:\/\/tapmagic.com\/es\/wp-json\/wp\/v2\/media?parent=5706"}],"wp:term":[{"taxonomy":"product-category","embeddable":true,"href":"https:\/\/tapmagic.com\/es\/wp-json\/wp\/v2\/product-category?post=5706"}],"curies":[{"name":"wp","href":"https:\/\/api.w.org\/{rel}","templated":true}]}}