{"id":5705,"date":"2025-01-14T17:03:26","date_gmt":"2025-01-14T23:03:26","guid":{"rendered":"https:\/\/tapmagic.com\/product\/corte-por-plasma-tap-magic\/"},"modified":"2025-04-03T16:04:58","modified_gmt":"2025-04-03T21:04:58","slug":"corte-por-plasma-tap-magic","status":"publish","type":"product","link":"https:\/\/tapmagic.com\/es\/product-old\/corte-por-plasma-tap-magic\/","title":{"rendered":"Corte por plasma Tap Magic"},"content":{"rendered":"<p>Si usted est\u00e1 luchando contra el \u00f3xido, el olor o la formaci\u00f3n de espuma en su mesa, CORTE POR PLASMA puede ayudarle a minimizar o eliminar estos problemas. Sabemos que los fluidos de taller pueden ahorrarle dinero si aportan valor m\u00e1s all\u00e1 del coste. Por eso hemos dise\u00f1ado esta mezcla respetuosa con el medio ambiente para que usted se centre en los pedidos, no en el rendimiento de su mesa. Pruebe CORTE POR PLASMA hoy mismo y note la diferencia:   <\/p>\n<ul>\n<li>Protecci\u00f3n microbiana duradera (controla bacterias y hongos)<\/li>\n<li>Excelentes inhibidores de la corrosi\u00f3n<\/li>\n<li>Aditivo sin espuma<\/li>\n<li>Color vibrante para comprobar r\u00e1pidamente la concentraci\u00f3n<\/li>\n<li>No contiene sustancias qu\u00edmicas fuertes que provoquen una irritaci\u00f3n excesiva de la piel<\/li>\n<\/ul>\n","protected":false},"featured_media":5268,"template":"","meta":{"_links_to":"","_links_to_target":""},"product-category":[58,47],"class_list":["post-5705","product","type-product","status-publish","has-post-thumbnail","hentry","product-category-a-base-de-agua","product-category-todos"],"yoast_head":"<!-- This site is optimized with the Yoast SEO plugin v27.3 - https:\/\/yoast.com\/product\/yoast-seo-wordpress\/ -->\n<title>Corte por plasma Tap Magic - Tap Magic<\/title>\n<meta name=\"robots\" content=\"index, follow, max-snippet:-1, max-image-preview:large, max-video-preview:-1\" \/>\n<link rel=\"canonical\" href=\"https:\/\/tapmagic.com\/es\/product-old\/corte-por-plasma-tap-magic\/\" \/>\n<meta property=\"og:locale\" content=\"es_ES\" \/>\n<meta property=\"og:type\" content=\"article\" \/>\n<meta property=\"og:title\" content=\"Corte por plasma Tap Magic - Tap Magic\" \/>\n<meta property=\"og:description\" content=\"Si usted est\u00e1 luchando contra el \u00f3xido, el olor o la formaci\u00f3n de espuma en su mesa, CORTE POR PLASMA puede ayudarle a minimizar o eliminar estos problemas. Sabemos que los fluidos de taller pueden ahorrarle dinero si aportan valor m\u00e1s all\u00e1 del coste. Por eso hemos dise\u00f1ado esta mezcla respetuosa con el medio ambiente [&hellip;]\" \/>\n<meta property=\"og:url\" content=\"https:\/\/tapmagic.com\/es\/product-old\/corte-por-plasma-tap-magic\/\" \/>\n<meta property=\"og:site_name\" content=\"Tap Magic\" \/>\n<meta property=\"article:modified_time\" content=\"2025-04-03T21:04:58+00:00\" \/>\n<meta property=\"og:image\" content=\"https:\/\/tapmagic.com\/wp-content\/uploads\/2025\/01\/20240207134103-resized-imagejpg.jpg\" \/>\n\t<meta property=\"og:image:width\" content=\"800\" \/>\n\t<meta property=\"og:image:height\" content=\"649\" \/>\n\t<meta property=\"og:image:type\" content=\"image\/jpeg\" \/>\n<meta name=\"twitter:card\" content=\"summary_large_image\" \/>\n<meta name=\"twitter:label1\" content=\"Tiempo de lectura\" \/>\n\t<meta name=\"twitter:data1\" content=\"1 minuto\" \/>\n<script type=\"application\/ld+json\" class=\"yoast-schema-graph\">{\"@context\":\"https:\\\/\\\/schema.org\",\"@graph\":[{\"@type\":\"WebPage\",\"@id\":\"https:\\\/\\\/tapmagic.com\\\/es\\\/product-old\\\/corte-por-plasma-tap-magic\\\/\",\"url\":\"https:\\\/\\\/tapmagic.com\\\/es\\\/product-old\\\/corte-por-plasma-tap-magic\\\/\",\"name\":\"Corte por plasma Tap Magic - Tap Magic\",\"isPartOf\":{\"@id\":\"https:\\\/\\\/tapmagic.com\\\/es\\\/#website\"},\"primaryImageOfPage\":{\"@id\":\"https:\\\/\\\/tapmagic.com\\\/es\\\/product-old\\\/corte-por-plasma-tap-magic\\\/#primaryimage\"},\"image\":{\"@id\":\"https:\\\/\\\/tapmagic.com\\\/es\\\/product-old\\\/corte-por-plasma-tap-magic\\\/#primaryimage\"},\"thumbnailUrl\":\"https:\\\/\\\/tapmagic.com\\\/wp-content\\\/uploads\\\/2025\\\/01\\\/20240207134103-resized-imagejpg.jpg\",\"datePublished\":\"2025-01-14T23:03:26+00:00\",\"dateModified\":\"2025-04-03T21:04:58+00:00\",\"breadcrumb\":{\"@id\":\"https:\\\/\\\/tapmagic.com\\\/es\\\/product-old\\\/corte-por-plasma-tap-magic\\\/#breadcrumb\"},\"inLanguage\":\"es\",\"potentialAction\":[{\"@type\":\"ReadAction\",\"target\":[\"https:\\\/\\\/tapmagic.com\\\/es\\\/product-old\\\/corte-por-plasma-tap-magic\\\/\"]}]},{\"@type\":\"ImageObject\",\"inLanguage\":\"es\",\"@id\":\"https:\\\/\\\/tapmagic.com\\\/es\\\/product-old\\\/corte-por-plasma-tap-magic\\\/#primaryimage\",\"url\":\"https:\\\/\\\/tapmagic.com\\\/wp-content\\\/uploads\\\/2025\\\/01\\\/20240207134103-resized-imagejpg.jpg\",\"contentUrl\":\"https:\\\/\\\/tapmagic.com\\\/wp-content\\\/uploads\\\/2025\\\/01\\\/20240207134103-resized-imagejpg.jpg\",\"width\":800,\"height\":649},{\"@type\":\"BreadcrumbList\",\"@id\":\"https:\\\/\\\/tapmagic.com\\\/es\\\/product-old\\\/corte-por-plasma-tap-magic\\\/#breadcrumb\",\"itemListElement\":[{\"@type\":\"ListItem\",\"position\":1,\"name\":\"Home\",\"item\":\"https:\\\/\\\/tapmagic.com\\\/es\\\/tapmagic\\\/\"},{\"@type\":\"ListItem\",\"position\":2,\"name\":\"Products Old\",\"item\":\"https:\\\/\\\/tapmagic.com\\\/es\\\/product-old\\\/\"},{\"@type\":\"ListItem\",\"position\":3,\"name\":\"Corte por plasma Tap Magic\"}]},{\"@type\":\"WebSite\",\"@id\":\"https:\\\/\\\/tapmagic.com\\\/es\\\/#website\",\"url\":\"https:\\\/\\\/tapmagic.com\\\/es\\\/\",\"name\":\"Tap Magic\",\"description\":\"A Division of the Steco Corporation\",\"potentialAction\":[{\"@type\":\"SearchAction\",\"target\":{\"@type\":\"EntryPoint\",\"urlTemplate\":\"https:\\\/\\\/tapmagic.com\\\/es\\\/?s={search_term_string}\"},\"query-input\":{\"@type\":\"PropertyValueSpecification\",\"valueRequired\":true,\"valueName\":\"search_term_string\"}}],\"inLanguage\":\"es\"}]}<\/script>\n<!-- \/ Yoast SEO plugin. -->","yoast_head_json":{"title":"Corte por plasma Tap Magic - Tap Magic","robots":{"index":"index","follow":"follow","max-snippet":"max-snippet:-1","max-image-preview":"max-image-preview:large","max-video-preview":"max-video-preview:-1"},"canonical":"https:\/\/tapmagic.com\/es\/product-old\/corte-por-plasma-tap-magic\/","og_locale":"es_ES","og_type":"article","og_title":"Corte por plasma Tap Magic - Tap Magic","og_description":"Si usted est\u00e1 luchando contra el \u00f3xido, el olor o la formaci\u00f3n de espuma en su mesa, CORTE POR PLASMA puede ayudarle a minimizar o eliminar estos problemas. Sabemos que los fluidos de taller pueden ahorrarle dinero si aportan valor m\u00e1s all\u00e1 del coste. Por eso hemos dise\u00f1ado esta mezcla respetuosa con el medio ambiente [&hellip;]","og_url":"https:\/\/tapmagic.com\/es\/product-old\/corte-por-plasma-tap-magic\/","og_site_name":"Tap Magic","article_modified_time":"2025-04-03T21:04:58+00:00","og_image":[{"width":800,"height":649,"url":"https:\/\/tapmagic.com\/wp-content\/uploads\/2025\/01\/20240207134103-resized-imagejpg.jpg","type":"image\/jpeg"}],"twitter_card":"summary_large_image","twitter_misc":{"Tiempo de lectura":"1 minuto"},"schema":{"@context":"https:\/\/schema.org","@graph":[{"@type":"WebPage","@id":"https:\/\/tapmagic.com\/es\/product-old\/corte-por-plasma-tap-magic\/","url":"https:\/\/tapmagic.com\/es\/product-old\/corte-por-plasma-tap-magic\/","name":"Corte por plasma Tap Magic - Tap Magic","isPartOf":{"@id":"https:\/\/tapmagic.com\/es\/#website"},"primaryImageOfPage":{"@id":"https:\/\/tapmagic.com\/es\/product-old\/corte-por-plasma-tap-magic\/#primaryimage"},"image":{"@id":"https:\/\/tapmagic.com\/es\/product-old\/corte-por-plasma-tap-magic\/#primaryimage"},"thumbnailUrl":"https:\/\/tapmagic.com\/wp-content\/uploads\/2025\/01\/20240207134103-resized-imagejpg.jpg","datePublished":"2025-01-14T23:03:26+00:00","dateModified":"2025-04-03T21:04:58+00:00","breadcrumb":{"@id":"https:\/\/tapmagic.com\/es\/product-old\/corte-por-plasma-tap-magic\/#breadcrumb"},"inLanguage":"es","potentialAction":[{"@type":"ReadAction","target":["https:\/\/tapmagic.com\/es\/product-old\/corte-por-plasma-tap-magic\/"]}]},{"@type":"ImageObject","inLanguage":"es","@id":"https:\/\/tapmagic.com\/es\/product-old\/corte-por-plasma-tap-magic\/#primaryimage","url":"https:\/\/tapmagic.com\/wp-content\/uploads\/2025\/01\/20240207134103-resized-imagejpg.jpg","contentUrl":"https:\/\/tapmagic.com\/wp-content\/uploads\/2025\/01\/20240207134103-resized-imagejpg.jpg","width":800,"height":649},{"@type":"BreadcrumbList","@id":"https:\/\/tapmagic.com\/es\/product-old\/corte-por-plasma-tap-magic\/#breadcrumb","itemListElement":[{"@type":"ListItem","position":1,"name":"Home","item":"https:\/\/tapmagic.com\/es\/tapmagic\/"},{"@type":"ListItem","position":2,"name":"Products Old","item":"https:\/\/tapmagic.com\/es\/product-old\/"},{"@type":"ListItem","position":3,"name":"Corte por plasma Tap Magic"}]},{"@type":"WebSite","@id":"https:\/\/tapmagic.com\/es\/#website","url":"https:\/\/tapmagic.com\/es\/","name":"Tap Magic","description":"A Division of the Steco Corporation","potentialAction":[{"@type":"SearchAction","target":{"@type":"EntryPoint","urlTemplate":"https:\/\/tapmagic.com\/es\/?s={search_term_string}"},"query-input":{"@type":"PropertyValueSpecification","valueRequired":true,"valueName":"search_term_string"}}],"inLanguage":"es"}]}},"_links":{"self":[{"href":"https:\/\/tapmagic.com\/es\/wp-json\/wp\/v2\/product\/5705","targetHints":{"allow":["GET"]}}],"collection":[{"href":"https:\/\/tapmagic.com\/es\/wp-json\/wp\/v2\/product"}],"about":[{"href":"https:\/\/tapmagic.com\/es\/wp-json\/wp\/v2\/types\/product"}],"wp:featuredmedia":[{"embeddable":true,"href":"https:\/\/tapmagic.com\/es\/wp-json\/wp\/v2\/media\/5268"}],"wp:attachment":[{"href":"https:\/\/tapmagic.com\/es\/wp-json\/wp\/v2\/media?parent=5705"}],"wp:term":[{"taxonomy":"product-category","embeddable":true,"href":"https:\/\/tapmagic.com\/es\/wp-json\/wp\/v2\/product-category?post=5705"}],"curies":[{"name":"wp","href":"https:\/\/api.w.org\/{rel}","templated":true}]}}