{"id":5753,"date":"2025-01-17T07:19:51","date_gmt":"2025-01-17T13:19:51","guid":{"rendered":"https:\/\/tapmagic.com\/distribuidores-cerca-de-mi\/"},"modified":"2025-07-15T10:47:21","modified_gmt":"2025-07-15T15:47:21","slug":"distribuidores-cerca-de-mi","status":"publish","type":"page","link":"https:\/\/tapmagic.com\/es\/distribuidores-cerca-de-mi\/","title":{"rendered":"Distribuidores cerca de m\u00ed"},"content":{"rendered":"\t\t<div data-elementor-type=\"wp-page\" data-elementor-id=\"5753\" class=\"elementor elementor-5753 elementor-5746\" data-elementor-post-type=\"page\">\n\t\t\t\t<div class=\"elementor-element elementor-element-8c26ebd e-flex e-con-boxed e-con e-parent\" data-id=\"8c26ebd\" data-element_type=\"container\" data-e-type=\"container\">\n\t\t\t\t\t<div class=\"e-con-inner\">\n\t\t<div class=\"elementor-element elementor-element-27aa0b3 e-con-full e-flex e-con e-child\" data-id=\"27aa0b3\" data-element_type=\"container\" data-e-type=\"container\">\n\t\t\t\t<div class=\"elementor-element elementor-element-761a2eb elementor-widget elementor-widget-heading\" data-id=\"761a2eb\" data-element_type=\"widget\" data-e-type=\"widget\" data-widget_type=\"heading.default\">\n\t\t\t\t<div class=\"elementor-widget-container\">\n\t\t\t\t\t<h2 class=\"elementor-heading-title elementor-size-default\">D\u00f3nde comprar cerca:  <\/h2>\t\t\t\t<\/div>\n\t\t\t\t<\/div>\n\t\t\t\t<\/div>\n\t\t\t\t<div class=\"elementor-element elementor-element-5eb74e0 elementor-widget elementor-widget-jet-listing-grid\" data-id=\"5eb74e0\" data-element_type=\"widget\" data-e-type=\"widget\" id=\"distributors_list\" data-settings=\"{&quot;columns&quot;:3,&quot;columns_tablet&quot;:&quot;2&quot;,&quot;columns_mobile&quot;:&quot;1&quot;}\" data-widget_type=\"jet-listing-grid.default\">\n\t\t\t\t<div class=\"elementor-widget-container\">\n\t\t\t\t\t<div class=\"jet-listing-grid jet-listing\"><div class=\"jet-listing-not-found jet-listing-grid__items\" data-nav=\"{&quot;enabled&quot;:false,&quot;type&quot;:null,&quot;more_el&quot;:null,&quot;query&quot;:[],&quot;widget_settings&quot;:{&quot;lisitng_id&quot;:5741,&quot;posts_num&quot;:9,&quot;columns&quot;:3,&quot;columns_tablet&quot;:2,&quot;columns_mobile&quot;:1,&quot;column_min_width&quot;:240,&quot;column_min_width_tablet&quot;:240,&quot;column_min_width_mobile&quot;:240,&quot;inline_columns_css&quot;:false,&quot;is_archive_template&quot;:&quot;&quot;,&quot;post_status&quot;:[&quot;publish&quot;],&quot;use_random_posts_num&quot;:&quot;&quot;,&quot;max_posts_num&quot;:9,&quot;not_found_message&quot;:&quot;No se han encontrado datos&quot;,&quot;is_masonry&quot;:false,&quot;equal_columns_height&quot;:&quot;yes&quot;,&quot;use_load_more&quot;:&quot;&quot;,&quot;load_more_id&quot;:&quot;&quot;,&quot;load_more_type&quot;:&quot;click&quot;,&quot;load_more_offset&quot;:{&quot;unit&quot;:&quot;px&quot;,&quot;size&quot;:0,&quot;sizes&quot;:[]},&quot;use_custom_post_types&quot;:&quot;&quot;,&quot;custom_post_types&quot;:[],&quot;hide_widget_if&quot;:&quot;&quot;,&quot;carousel_enabled&quot;:&quot;&quot;,&quot;slides_to_scroll&quot;:&quot;1&quot;,&quot;arrows&quot;:&quot;true&quot;,&quot;arrow_icon&quot;:&quot;fa fa-angle-left&quot;,&quot;dots&quot;:&quot;&quot;,&quot;autoplay&quot;:&quot;true&quot;,&quot;pause_on_hover&quot;:&quot;true&quot;,&quot;autoplay_speed&quot;:5000,&quot;infinite&quot;:&quot;true&quot;,&quot;center_mode&quot;:&quot;&quot;,&quot;effect&quot;:&quot;slide&quot;,&quot;speed&quot;:500,&quot;inject_alternative_items&quot;:&quot;&quot;,&quot;injection_items&quot;:[],&quot;scroll_slider_enabled&quot;:&quot;&quot;,&quot;scroll_slider_on&quot;:[&quot;desktop&quot;,&quot;tablet&quot;,&quot;mobile&quot;],&quot;custom_query&quot;:&quot;yes&quot;,&quot;custom_query_id&quot;:&quot;4&quot;,&quot;_element_id&quot;:&quot;distributors_list&quot;,&quot;collapse_first_last_gap&quot;:&quot;true&quot;,&quot;list_items_wrapper_tag&quot;:&quot;div&quot;,&quot;list_item_tag&quot;:&quot;div&quot;,&quot;empty_items_wrapper_tag&quot;:&quot;div&quot;}}\" data-listing-source=\"query\" data-listing-id=\"5741\" data-query-id=\"4\" data-queried-id=\"5753|WP_Post\">No se han encontrado datos<\/div><\/div>\t\t\t\t<\/div>\n\t\t\t\t<\/div>\n\t\t\t\t\t<\/div>\n\t\t\t\t<\/div>\n\t\t\t\t<\/div>\n\t\t","protected":false},"excerpt":{"rendered":"<p>D\u00f3nde comprar cerca: No se han encontrado datos<\/p>\n","protected":false},"author":1,"featured_media":0,"parent":0,"menu_order":0,"comment_status":"closed","ping_status":"closed","template":"elementor_header_footer","meta":{"footnotes":"","_links_to":"","_links_to_target":""},"class_list":["post-5753","page","type-page","status-publish","hentry"],"yoast_head":"<!-- This site is optimized with the Yoast SEO plugin v27.5 - https:\/\/yoast.com\/product\/yoast-seo-wordpress\/ -->\n<title>Distribuidores cerca de m\u00ed - Tap Magic<\/title>\n<meta name=\"description\" content=\"Encuentra cerca de ti un distribuidor de las soluciones de lubricaci\u00f3n de vanguardia de Tap Magic para todos los metales, precisi\u00f3n y vida \u00fatil de las herramientas.\" \/>\n<meta name=\"robots\" content=\"index, follow, max-snippet:-1, max-image-preview:large, max-video-preview:-1\" \/>\n<link rel=\"canonical\" href=\"https:\/\/tapmagic.com\/es\/distribuidores-cerca-de-mi\/\" \/>\n<meta property=\"og:locale\" content=\"es_ES\" \/>\n<meta property=\"og:type\" content=\"article\" \/>\n<meta property=\"og:title\" content=\"Distribuidores cerca de m\u00ed - Tap Magic\" \/>\n<meta property=\"og:description\" content=\"Encuentra cerca de ti un distribuidor de las soluciones de lubricaci\u00f3n de vanguardia de Tap Magic para todos los metales, precisi\u00f3n y vida \u00fatil de las herramientas.\" \/>\n<meta property=\"og:url\" content=\"https:\/\/tapmagic.com\/es\/distribuidores-cerca-de-mi\/\" \/>\n<meta property=\"og:site_name\" content=\"Tap Magic\" \/>\n<meta property=\"article:modified_time\" content=\"2025-07-15T15:47:21+00:00\" \/>\n<meta name=\"twitter:card\" content=\"summary_large_image\" \/>\n<script type=\"application\/ld+json\" class=\"yoast-schema-graph\">{\"@context\":\"https:\\\/\\\/schema.org\",\"@graph\":[{\"@type\":\"WebPage\",\"@id\":\"https:\\\/\\\/tapmagic.com\\\/es\\\/distribuidores-cerca-de-mi\\\/\",\"url\":\"https:\\\/\\\/tapmagic.com\\\/es\\\/distribuidores-cerca-de-mi\\\/\",\"name\":\"Distribuidores cerca de m\u00ed - Tap Magic\",\"isPartOf\":{\"@id\":\"https:\\\/\\\/tapmagic.com\\\/es\\\/#website\"},\"datePublished\":\"2025-01-17T13:19:51+00:00\",\"dateModified\":\"2025-07-15T15:47:21+00:00\",\"description\":\"Encuentra cerca de ti un distribuidor de las soluciones de lubricaci\u00f3n de vanguardia de Tap Magic para todos los metales, precisi\u00f3n y vida \u00fatil de las herramientas.\",\"breadcrumb\":{\"@id\":\"https:\\\/\\\/tapmagic.com\\\/es\\\/distribuidores-cerca-de-mi\\\/#breadcrumb\"},\"inLanguage\":\"es\",\"potentialAction\":[{\"@type\":\"ReadAction\",\"target\":[\"https:\\\/\\\/tapmagic.com\\\/es\\\/distribuidores-cerca-de-mi\\\/\"]}]},{\"@type\":\"BreadcrumbList\",\"@id\":\"https:\\\/\\\/tapmagic.com\\\/es\\\/distribuidores-cerca-de-mi\\\/#breadcrumb\",\"itemListElement\":[{\"@type\":\"ListItem\",\"position\":1,\"name\":\"Home\",\"item\":\"https:\\\/\\\/tapmagic.com\\\/es\\\/tapmagic\\\/\"},{\"@type\":\"ListItem\",\"position\":2,\"name\":\"Distribuidores cerca de m\u00ed\"}]},{\"@type\":\"WebSite\",\"@id\":\"https:\\\/\\\/tapmagic.com\\\/es\\\/#website\",\"url\":\"https:\\\/\\\/tapmagic.com\\\/es\\\/\",\"name\":\"Tap Magic\",\"description\":\"A Division of the Steco Corporation\",\"potentialAction\":[{\"@type\":\"SearchAction\",\"target\":{\"@type\":\"EntryPoint\",\"urlTemplate\":\"https:\\\/\\\/tapmagic.com\\\/es\\\/?s={search_term_string}\"},\"query-input\":{\"@type\":\"PropertyValueSpecification\",\"valueRequired\":true,\"valueName\":\"search_term_string\"}}],\"inLanguage\":\"es\"}]}<\/script>\n<!-- \/ Yoast SEO plugin. -->","yoast_head_json":{"title":"Distribuidores cerca de m\u00ed - Tap Magic","description":"Encuentra cerca de ti un distribuidor de las soluciones de lubricaci\u00f3n de vanguardia de Tap Magic para todos los metales, precisi\u00f3n y vida \u00fatil de las herramientas.","robots":{"index":"index","follow":"follow","max-snippet":"max-snippet:-1","max-image-preview":"max-image-preview:large","max-video-preview":"max-video-preview:-1"},"canonical":"https:\/\/tapmagic.com\/es\/distribuidores-cerca-de-mi\/","og_locale":"es_ES","og_type":"article","og_title":"Distribuidores cerca de m\u00ed - Tap Magic","og_description":"Encuentra cerca de ti un distribuidor de las soluciones de lubricaci\u00f3n de vanguardia de Tap Magic para todos los metales, precisi\u00f3n y vida \u00fatil de las herramientas.","og_url":"https:\/\/tapmagic.com\/es\/distribuidores-cerca-de-mi\/","og_site_name":"Tap Magic","article_modified_time":"2025-07-15T15:47:21+00:00","twitter_card":"summary_large_image","schema":{"@context":"https:\/\/schema.org","@graph":[{"@type":"WebPage","@id":"https:\/\/tapmagic.com\/es\/distribuidores-cerca-de-mi\/","url":"https:\/\/tapmagic.com\/es\/distribuidores-cerca-de-mi\/","name":"Distribuidores cerca de m\u00ed - Tap Magic","isPartOf":{"@id":"https:\/\/tapmagic.com\/es\/#website"},"datePublished":"2025-01-17T13:19:51+00:00","dateModified":"2025-07-15T15:47:21+00:00","description":"Encuentra cerca de ti un distribuidor de las soluciones de lubricaci\u00f3n de vanguardia de Tap Magic para todos los metales, precisi\u00f3n y vida \u00fatil de las herramientas.","breadcrumb":{"@id":"https:\/\/tapmagic.com\/es\/distribuidores-cerca-de-mi\/#breadcrumb"},"inLanguage":"es","potentialAction":[{"@type":"ReadAction","target":["https:\/\/tapmagic.com\/es\/distribuidores-cerca-de-mi\/"]}]},{"@type":"BreadcrumbList","@id":"https:\/\/tapmagic.com\/es\/distribuidores-cerca-de-mi\/#breadcrumb","itemListElement":[{"@type":"ListItem","position":1,"name":"Home","item":"https:\/\/tapmagic.com\/es\/tapmagic\/"},{"@type":"ListItem","position":2,"name":"Distribuidores cerca de m\u00ed"}]},{"@type":"WebSite","@id":"https:\/\/tapmagic.com\/es\/#website","url":"https:\/\/tapmagic.com\/es\/","name":"Tap Magic","description":"A Division of the Steco Corporation","potentialAction":[{"@type":"SearchAction","target":{"@type":"EntryPoint","urlTemplate":"https:\/\/tapmagic.com\/es\/?s={search_term_string}"},"query-input":{"@type":"PropertyValueSpecification","valueRequired":true,"valueName":"search_term_string"}}],"inLanguage":"es"}]}},"_links":{"self":[{"href":"https:\/\/tapmagic.com\/es\/wp-json\/wp\/v2\/pages\/5753","targetHints":{"allow":["GET"]}}],"collection":[{"href":"https:\/\/tapmagic.com\/es\/wp-json\/wp\/v2\/pages"}],"about":[{"href":"https:\/\/tapmagic.com\/es\/wp-json\/wp\/v2\/types\/page"}],"author":[{"embeddable":true,"href":"https:\/\/tapmagic.com\/es\/wp-json\/wp\/v2\/users\/1"}],"replies":[{"embeddable":true,"href":"https:\/\/tapmagic.com\/es\/wp-json\/wp\/v2\/comments?post=5753"}],"version-history":[{"count":0,"href":"https:\/\/tapmagic.com\/es\/wp-json\/wp\/v2\/pages\/5753\/revisions"}],"wp:attachment":[{"href":"https:\/\/tapmagic.com\/es\/wp-json\/wp\/v2\/media?parent=5753"}],"curies":[{"name":"wp","href":"https:\/\/api.w.org\/{rel}","templated":true}]}}