{"id":5518,"date":"2024-11-08T15:34:17","date_gmt":"2024-11-08T21:34:17","guid":{"rendered":"https:\/\/tapmagic.com\/por-que-nosotros\/"},"modified":"2025-03-19T14:07:54","modified_gmt":"2025-03-19T19:07:54","slug":"por-que-nosotros","status":"publish","type":"page","link":"https:\/\/tapmagic.com\/es\/por-que-nosotros\/","title":{"rendered":"\u00bfPor qu\u00e9 nosotros?"},"content":{"rendered":"\t\t<div data-elementor-type=\"wp-page\" data-elementor-id=\"5518\" class=\"elementor elementor-5518 elementor-58\" data-elementor-post-type=\"page\">\n\t\t\t\t<div class=\"elementor-element elementor-element-719263d e-flex e-con-boxed e-con e-parent\" data-id=\"719263d\" data-element_type=\"container\" data-e-type=\"container\" data-settings=\"{&quot;background_background&quot;:&quot;classic&quot;}\">\n\t\t\t\t\t<div class=\"e-con-inner\">\n\t\t<div class=\"elementor-element elementor-element-fc3cba2 e-con-full e-flex e-con e-child\" data-id=\"fc3cba2\" data-element_type=\"container\" data-e-type=\"container\">\n\t\t\t\t<div class=\"elementor-element elementor-element-071dcf2 animated-fast elementor-invisible elementor-widget elementor-widget-heading\" data-id=\"071dcf2\" data-element_type=\"widget\" data-e-type=\"widget\" data-settings=\"{&quot;_animation&quot;:&quot;fadeIn&quot;}\" data-widget_type=\"heading.default\">\n\t\t\t\t<div class=\"elementor-widget-container\">\n\t\t\t\t\t<h1 class=\"elementor-heading-title elementor-size-default\">\u00bfPor qu\u00e9 <b>nosotros?<\/b><\/h1>\t\t\t\t<\/div>\n\t\t\t\t<\/div>\n\t\t\t\t<div class=\"elementor-element elementor-element-590afe6 animated-slow elementor-invisible elementor-widget elementor-widget-heading\" data-id=\"590afe6\" data-element_type=\"widget\" data-e-type=\"widget\" data-settings=\"{&quot;_animation&quot;:&quot;fadeIn&quot;}\" data-widget_type=\"heading.default\">\n\t\t\t\t<div class=\"elementor-widget-container\">\n\t\t\t\t\t<h3 class=\"elementor-heading-title elementor-size-default\">Respaldamos nuestros productos, y t\u00fa tambi\u00e9n lo har\u00e1s cuando los pruebes.  \n\n<\/h3>\t\t\t\t<\/div>\n\t\t\t\t<\/div>\n\t\t\t\t<\/div>\n\t\t\t\t\t<\/div>\n\t\t\t\t<\/div>\n\t\t<div class=\"elementor-element elementor-element-52ea804 e-flex e-con-boxed e-con e-parent\" data-id=\"52ea804\" data-element_type=\"container\" data-e-type=\"container\">\n\t\t\t\t\t<div class=\"e-con-inner\">\n\t\t<div class=\"elementor-element elementor-element-e8172d5 e-con-full e-flex e-con e-child\" data-id=\"e8172d5\" data-element_type=\"container\" data-e-type=\"container\">\n\t\t\t\t<div class=\"elementor-element elementor-element-d6d3856 elementor-widget elementor-widget-text-editor\" data-id=\"d6d3856\" data-element_type=\"widget\" data-e-type=\"widget\" data-widget_type=\"text-editor.default\">\n\t\t\t\t<div class=\"elementor-widget-container\">\n\t\t\t\t\t\t\t\t\t<p>En 1953, creamos el primero de una l\u00ednea de incre\u00edbles l\u00edquidos de corte: Tap Magic. A partir de este \u00fanico fluido desarrollamos una l\u00ednea completa de fluidos de corte vers\u00e1tiles, precisos y lubricados que satisfacen las exigencias de cualquier maquinista o fabricante moderno. <\/p>\n<p>Durante nuestros m\u00e1s de 60 a\u00f1os de experiencia, hemos invertido un tiempo incontable y un esfuerzo continuo en investigaci\u00f3n y desarrollo para crear los mejores fluidos de corte del mercado. Podemos hacerlo porque <b>entendemos a nuestros clientes, nuestros productos y las aplicaciones que necesita cada trabajo.<\/b> <\/p>\n<p>Nunca nos conformamos con ser el primer nombre actual en fluidos de corte; innovamos constantemente y pensamos de forma innovadora para hacer evolucionar cada producto de nuestra l\u00ednea superior. Por eso <b>somos el l\u00edder de la categor\u00eda en cambios de normativa, procesos y aplicaciones t\u00e9cnicas.<\/b> <\/p>\n<p>En Steco Corporation creemos que nuestros productos no s\u00f3lo deben ser los mejores en cuanto a aplicaciones pr\u00e1cticas de mecanizado y fabricaci\u00f3n, sino tambi\u00e9n en cuanto a ser respetuosos con el medio ambiente. Por eso hemos a\u00f1adido varios fluidos de corte ecol\u00f3gicos a nuestra gama. Son tan resistentes y vers\u00e1tiles como nuestros otros fluidos de corte, pero tienen la ventaja a\u00f1adida de ser biodegradables, poco humeantes y de bajo olor, lo que mantiene nuestro medio ambiente sano y seguro.  <\/p>\n<p><b>Respaldamos nuestros productos, y t\u00fa tambi\u00e9n lo har\u00e1s cuando los pruebes.  <\/b><\/p>\n<p><b>Para saber m\u00e1s sobre nuestros productos o hacer un pedido para tu empresa, ll\u00e1manos al 1-800-643-8026 o env\u00edanos un fax al 501-374-4278.<\/b><\/p>\n\t\t\t\t\t\t\t\t<\/div>\n\t\t\t\t<\/div>\n\t\t\t\t<\/div>\n\t\t\t\t\t<\/div>\n\t\t\t\t<\/div>\n\t\t\t\t<\/div>\n\t\t","protected":false},"excerpt":{"rendered":"<p>\u00bfPor qu\u00e9 nosotros? Respaldamos nuestros productos, y t\u00fa tambi\u00e9n lo har\u00e1s cuando los pruebes. En 1953, creamos el primero de una l\u00ednea de incre\u00edbles l\u00edquidos de corte: Tap Magic. A partir de este \u00fanico fluido desarrollamos una l\u00ednea completa de fluidos de corte vers\u00e1tiles, precisos y lubricados que satisfacen las exigencias de cualquier maquinista o [&hellip;]<\/p>\n","protected":false},"author":1,"featured_media":0,"parent":0,"menu_order":0,"comment_status":"closed","ping_status":"closed","template":"elementor_header_footer","meta":{"footnotes":"","_links_to":"","_links_to_target":""},"class_list":["post-5518","page","type-page","status-publish","hentry"],"yoast_head":"<!-- This site is optimized with the Yoast SEO plugin v27.4 - https:\/\/yoast.com\/product\/yoast-seo-wordpress\/ -->\n<title>\u00bfPor qu\u00e9 nosotros? - Tap Magic<\/title>\n<meta name=\"robots\" content=\"index, follow, max-snippet:-1, max-image-preview:large, max-video-preview:-1\" \/>\n<link rel=\"canonical\" href=\"https:\/\/tapmagic.com\/es\/por-que-nosotros\/\" \/>\n<meta property=\"og:locale\" content=\"es_ES\" \/>\n<meta property=\"og:type\" content=\"article\" \/>\n<meta property=\"og:title\" content=\"\u00bfPor qu\u00e9 nosotros? - Tap Magic\" \/>\n<meta property=\"og:description\" content=\"\u00bfPor qu\u00e9 nosotros? Respaldamos nuestros productos, y t\u00fa tambi\u00e9n lo har\u00e1s cuando los pruebes. En 1953, creamos el primero de una l\u00ednea de incre\u00edbles l\u00edquidos de corte: Tap Magic. A partir de este \u00fanico fluido desarrollamos una l\u00ednea completa de fluidos de corte vers\u00e1tiles, precisos y lubricados que satisfacen las exigencias de cualquier maquinista o [&hellip;]\" \/>\n<meta property=\"og:url\" content=\"https:\/\/tapmagic.com\/es\/por-que-nosotros\/\" \/>\n<meta property=\"og:site_name\" content=\"Tap Magic\" \/>\n<meta property=\"article:modified_time\" content=\"2025-03-19T19:07:54+00:00\" \/>\n<meta name=\"twitter:card\" content=\"summary_large_image\" \/>\n<meta name=\"twitter:label1\" content=\"Tiempo de lectura\" \/>\n\t<meta name=\"twitter:data1\" content=\"1 minuto\" \/>\n<script type=\"application\/ld+json\" class=\"yoast-schema-graph\">{\"@context\":\"https:\\\/\\\/schema.org\",\"@graph\":[{\"@type\":\"WebPage\",\"@id\":\"https:\\\/\\\/tapmagic.com\\\/es\\\/por-que-nosotros\\\/\",\"url\":\"https:\\\/\\\/tapmagic.com\\\/es\\\/por-que-nosotros\\\/\",\"name\":\"\u00bfPor qu\u00e9 nosotros? - Tap Magic\",\"isPartOf\":{\"@id\":\"https:\\\/\\\/tapmagic.com\\\/es\\\/#website\"},\"datePublished\":\"2024-11-08T21:34:17+00:00\",\"dateModified\":\"2025-03-19T19:07:54+00:00\",\"breadcrumb\":{\"@id\":\"https:\\\/\\\/tapmagic.com\\\/es\\\/por-que-nosotros\\\/#breadcrumb\"},\"inLanguage\":\"es\",\"potentialAction\":[{\"@type\":\"ReadAction\",\"target\":[\"https:\\\/\\\/tapmagic.com\\\/es\\\/por-que-nosotros\\\/\"]}]},{\"@type\":\"BreadcrumbList\",\"@id\":\"https:\\\/\\\/tapmagic.com\\\/es\\\/por-que-nosotros\\\/#breadcrumb\",\"itemListElement\":[{\"@type\":\"ListItem\",\"position\":1,\"name\":\"Home\",\"item\":\"https:\\\/\\\/tapmagic.com\\\/es\\\/tapmagic\\\/\"},{\"@type\":\"ListItem\",\"position\":2,\"name\":\"\u00bfPor qu\u00e9 nosotros?\"}]},{\"@type\":\"WebSite\",\"@id\":\"https:\\\/\\\/tapmagic.com\\\/es\\\/#website\",\"url\":\"https:\\\/\\\/tapmagic.com\\\/es\\\/\",\"name\":\"Tap Magic\",\"description\":\"A Division of the Steco Corporation\",\"potentialAction\":[{\"@type\":\"SearchAction\",\"target\":{\"@type\":\"EntryPoint\",\"urlTemplate\":\"https:\\\/\\\/tapmagic.com\\\/es\\\/?s={search_term_string}\"},\"query-input\":{\"@type\":\"PropertyValueSpecification\",\"valueRequired\":true,\"valueName\":\"search_term_string\"}}],\"inLanguage\":\"es\"}]}<\/script>\n<!-- \/ Yoast SEO plugin. -->","yoast_head_json":{"title":"\u00bfPor qu\u00e9 nosotros? - Tap Magic","robots":{"index":"index","follow":"follow","max-snippet":"max-snippet:-1","max-image-preview":"max-image-preview:large","max-video-preview":"max-video-preview:-1"},"canonical":"https:\/\/tapmagic.com\/es\/por-que-nosotros\/","og_locale":"es_ES","og_type":"article","og_title":"\u00bfPor qu\u00e9 nosotros? - Tap Magic","og_description":"\u00bfPor qu\u00e9 nosotros? Respaldamos nuestros productos, y t\u00fa tambi\u00e9n lo har\u00e1s cuando los pruebes. En 1953, creamos el primero de una l\u00ednea de incre\u00edbles l\u00edquidos de corte: Tap Magic. A partir de este \u00fanico fluido desarrollamos una l\u00ednea completa de fluidos de corte vers\u00e1tiles, precisos y lubricados que satisfacen las exigencias de cualquier maquinista o [&hellip;]","og_url":"https:\/\/tapmagic.com\/es\/por-que-nosotros\/","og_site_name":"Tap Magic","article_modified_time":"2025-03-19T19:07:54+00:00","twitter_card":"summary_large_image","twitter_misc":{"Tiempo de lectura":"1 minuto"},"schema":{"@context":"https:\/\/schema.org","@graph":[{"@type":"WebPage","@id":"https:\/\/tapmagic.com\/es\/por-que-nosotros\/","url":"https:\/\/tapmagic.com\/es\/por-que-nosotros\/","name":"\u00bfPor qu\u00e9 nosotros? - Tap Magic","isPartOf":{"@id":"https:\/\/tapmagic.com\/es\/#website"},"datePublished":"2024-11-08T21:34:17+00:00","dateModified":"2025-03-19T19:07:54+00:00","breadcrumb":{"@id":"https:\/\/tapmagic.com\/es\/por-que-nosotros\/#breadcrumb"},"inLanguage":"es","potentialAction":[{"@type":"ReadAction","target":["https:\/\/tapmagic.com\/es\/por-que-nosotros\/"]}]},{"@type":"BreadcrumbList","@id":"https:\/\/tapmagic.com\/es\/por-que-nosotros\/#breadcrumb","itemListElement":[{"@type":"ListItem","position":1,"name":"Home","item":"https:\/\/tapmagic.com\/es\/tapmagic\/"},{"@type":"ListItem","position":2,"name":"\u00bfPor qu\u00e9 nosotros?"}]},{"@type":"WebSite","@id":"https:\/\/tapmagic.com\/es\/#website","url":"https:\/\/tapmagic.com\/es\/","name":"Tap Magic","description":"A Division of the Steco Corporation","potentialAction":[{"@type":"SearchAction","target":{"@type":"EntryPoint","urlTemplate":"https:\/\/tapmagic.com\/es\/?s={search_term_string}"},"query-input":{"@type":"PropertyValueSpecification","valueRequired":true,"valueName":"search_term_string"}}],"inLanguage":"es"}]}},"_links":{"self":[{"href":"https:\/\/tapmagic.com\/es\/wp-json\/wp\/v2\/pages\/5518","targetHints":{"allow":["GET"]}}],"collection":[{"href":"https:\/\/tapmagic.com\/es\/wp-json\/wp\/v2\/pages"}],"about":[{"href":"https:\/\/tapmagic.com\/es\/wp-json\/wp\/v2\/types\/page"}],"author":[{"embeddable":true,"href":"https:\/\/tapmagic.com\/es\/wp-json\/wp\/v2\/users\/1"}],"replies":[{"embeddable":true,"href":"https:\/\/tapmagic.com\/es\/wp-json\/wp\/v2\/comments?post=5518"}],"version-history":[{"count":0,"href":"https:\/\/tapmagic.com\/es\/wp-json\/wp\/v2\/pages\/5518\/revisions"}],"wp:attachment":[{"href":"https:\/\/tapmagic.com\/es\/wp-json\/wp\/v2\/media?parent=5518"}],"curies":[{"name":"wp","href":"https:\/\/api.w.org\/{rel}","templated":true}]}}